{"id":963,"date":"2021-11-03T20:57:29","date_gmt":"2021-11-03T23:57:29","guid":{"rendered":"https:\/\/kendoonline.com.br\/?post_type=product&#038;p=963"},"modified":"2023-12-22T17:04:08","modified_gmt":"2023-12-22T20:04:08","slug":"gorin-no-sho-o-livro-dos-cinco-aneis","status":"publish","type":"product","link":"https:\/\/kendoonline.com.br\/index.php\/product\/gorin-no-sho-o-livro-dos-cinco-aneis\/","title":{"rendered":"GORIN NO SHO &#8211; O Livro dos Cinco An\u00e9is"},"content":{"rendered":"<p>Dez gera\u00e7\u00f5es de disc\u00edpulos depois, chega ao Brasil a edi\u00e7\u00e3o definitiva do Gorin No Sho em portugu\u00eas. O livro conta com a tradu\u00e7\u00e3o e revis\u00e3o t\u00e9cnica do <b>Sensei Jorge Kishikawa<\/b>, o introdutor no Brasil do Niten Ichi Ryu e o primeiro no ocidente a alcan\u00e7ar o Menkyo Kaiden, a mais alta gradua\u00e7\u00e3o neste estilo.<br \/>\nEsta \u00e9 a grande diferen\u00e7a entre esta e as outras edi\u00e7\u00f5es do Gorin No Sho publicadas anteriormente. Pela primeira vez no Brasil (e tamb\u00e9m no ocidente), a obra nos \u00e9 trazida por pessoas que tem de fato a experi\u00eancia pr\u00e1tica no estilo de Musashi, que fazem do treinamento seu caminho para o aprimoramenteo, algo t\u00e3o enfatizado pelo autor em seu texto.<br \/>\nA obra foi magistralmente traduzida diretamente do original em japon\u00eas por <b>Rosa Mika Kishikawa<\/b>, profunda conhecedora da arte e da cultura nip\u00f4nicas, formada em Letras pela USP, al\u00e9m de mestra no Bushid\u00f4, devidamente reconhecida no Jap\u00e3o.<br \/>\nPara completar a maior e mais elaborada edi\u00e7\u00e3o do Gorin No Sho j\u00e1 publicada, est\u00e3o as gravuras de Miyamoto Musashi que travou contato com outras formas de arte, como pintura, escultura, caligrafia e poesia, al\u00e9m da medita\u00e7\u00e3o Zen e o Budismo.<\/p>\n<p>1\u00aa Edi\u00e7\u00e3o \u00a92020<br \/>\nEditora Kendoonline Livros<br \/>\nIdioma: Portugu\u00eas<br \/>\nISBN 978-85-63530-01-1<br \/>\nFormato: Brochura<br \/>\n145mm x 210mm x 13mm<br \/>\n174 p\u00e1ginas<br \/>\ncom fotos coloridas<\/p>\n<p>&nbsp;<\/p>\n","protected":false},"excerpt":{"rendered":"<p>Obra de Miyamoto Musashi traduzida por Rosa Mika Kishikawa e amplamente comentada pelo Sensei Jorge Kihikawa<\/p>\n<p>1\u00aa Edi\u00e7\u00e3o @2020<br \/>\nEditora Kendoonline Livros<br \/>\nPortugu\u00eas<br \/>\n174 p\u00e1ginas<br \/>\ncom fotos coloridas<\/p>\n[elementor-template id=\"11516\"]\n","protected":false},"featured_media":965,"template":"","meta":[],"product_brand":[],"product_cat":[291,301],"product_tag":[],"class_list":{"0":"post-963","1":"product","2":"type-product","3":"status-publish","4":"has-post-thumbnail","6":"product_cat-livros-livros","7":"product_cat-mais-vendido","9":"first","10":"instock","11":"shipping-taxable","12":"purchasable","13":"product-type-simple"},"_links":{"self":[{"href":"https:\/\/kendoonline.com.br\/index.php\/wp-json\/wp\/v2\/product\/963","targetHints":{"allow":["GET"]}}],"collection":[{"href":"https:\/\/kendoonline.com.br\/index.php\/wp-json\/wp\/v2\/product"}],"about":[{"href":"https:\/\/kendoonline.com.br\/index.php\/wp-json\/wp\/v2\/types\/product"}],"wp:featuredmedia":[{"embeddable":true,"href":"https:\/\/kendoonline.com.br\/index.php\/wp-json\/wp\/v2\/media\/965"}],"wp:attachment":[{"href":"https:\/\/kendoonline.com.br\/index.php\/wp-json\/wp\/v2\/media?parent=963"}],"wp:term":[{"taxonomy":"product_brand","embeddable":true,"href":"https:\/\/kendoonline.com.br\/index.php\/wp-json\/wp\/v2\/product_brand?post=963"},{"taxonomy":"product_cat","embeddable":true,"href":"https:\/\/kendoonline.com.br\/index.php\/wp-json\/wp\/v2\/product_cat?post=963"},{"taxonomy":"product_tag","embeddable":true,"href":"https:\/\/kendoonline.com.br\/index.php\/wp-json\/wp\/v2\/product_tag?post=963"}],"curies":[{"name":"wp","href":"https:\/\/api.w.org\/{rel}","templated":true}]}}