{"id":8434,"date":"2022-04-28T17:17:51","date_gmt":"2022-04-28T20:17:51","guid":{"rendered":"https:\/\/kendoonline.com.br\/?post_type=product&#038;p=8434"},"modified":"2025-11-10T14:33:12","modified_gmt":"2025-11-10T17:33:12","slug":"kote-lavavel-l-mm","status":"publish","type":"product","link":"https:\/\/kendoonline.com.br\/index.php\/product\/kote-lavavel-l-mm\/","title":{"rendered":"KOTE LAV\u00c1VEL (L)"},"content":{"rendered":"","protected":false},"excerpt":{"rendered":"<p>Tamanho Fabricante: Large \/<br \/>\nEstado: Novo \/<br \/>\nC\u00f3digos: C\u00f3d.629, C\u00f3d.630<\/p>\n[elementor-template id=\"11500\"]\n","protected":false},"featured_media":8435,"template":"","meta":[],"product_brand":[],"product_cat":[121],"product_tag":[237,236],"class_list":{"0":"post-8434","1":"product","2":"type-product","3":"status-publish","4":"has-post-thumbnail","6":"product_cat-kote","7":"product_tag-kote_normallarge","8":"product_tag-kotelarge","10":"first","11":"outofstock","12":"sold-individually","13":"shipping-taxable","14":"purchasable","15":"product-type-simple"},"_links":{"self":[{"href":"https:\/\/kendoonline.com.br\/index.php\/wp-json\/wp\/v2\/product\/8434","targetHints":{"allow":["GET"]}}],"collection":[{"href":"https:\/\/kendoonline.com.br\/index.php\/wp-json\/wp\/v2\/product"}],"about":[{"href":"https:\/\/kendoonline.com.br\/index.php\/wp-json\/wp\/v2\/types\/product"}],"wp:featuredmedia":[{"embeddable":true,"href":"https:\/\/kendoonline.com.br\/index.php\/wp-json\/wp\/v2\/media\/8435"}],"wp:attachment":[{"href":"https:\/\/kendoonline.com.br\/index.php\/wp-json\/wp\/v2\/media?parent=8434"}],"wp:term":[{"taxonomy":"product_brand","embeddable":true,"href":"https:\/\/kendoonline.com.br\/index.php\/wp-json\/wp\/v2\/product_brand?post=8434"},{"taxonomy":"product_cat","embeddable":true,"href":"https:\/\/kendoonline.com.br\/index.php\/wp-json\/wp\/v2\/product_cat?post=8434"},{"taxonomy":"product_tag","embeddable":true,"href":"https:\/\/kendoonline.com.br\/index.php\/wp-json\/wp\/v2\/product_tag?post=8434"}],"curies":[{"name":"wp","href":"https:\/\/api.w.org\/{rel}","templated":true}]}}