{"id":796,"date":"2021-09-11T19:59:34","date_gmt":"2021-09-11T22:59:34","guid":{"rendered":"https:\/\/kendoonline.com.br\/?post_type=product&#038;p=796"},"modified":"2026-03-11T07:23:28","modified_gmt":"2026-03-11T10:23:28","slug":"jo-nihon","status":"publish","type":"product","link":"https:\/\/kendoonline.com.br\/index.php\/product\/jo-nihon\/","title":{"rendered":"JO Shiro Kashi (carvalho branco japon\u00eas)"},"content":{"rendered":"<p>&nbsp;<\/p>\n<p>&nbsp;<\/p>\n","protected":false},"excerpt":{"rendered":"<p>Jo (bast\u00e3o) para pr\u00e1tica de JOJUTSU e JODO, autorizado pelo Sensei Kishikawa para pr\u00e1tica no Instituto Niten.<br \/>\nImportado, fabricado no Jap\u00e3o.<\/p>\n<p>Madeira: Shiro kashi (carvalho branco japon\u00eas) \u00e9 a madeira mais tradicional para armas de budo, com uma densidade que faz com que tenha o peso ideal e amasse o suficiente para n\u00e3o quebrar \u00e9 preferida pelos estilos antigos. Pelo tempo de demora para reposi\u00e7\u00e3o das arvores, tratamento da madeira antes da fabrica\u00e7\u00e3o e outros fatores est\u00e1 cada vez mais rara ent\u00e3o se estiver em estoque aproveite para garantir a sua pois as importa\u00e7\u00f5es s\u00e3o bem espa\u00e7adas.<\/p>\n<p>Como toda arma de madeira podem haver varia\u00e7\u00f5es de tonalidade e veios da madeira em rela\u00e7\u00e3o \u00e0 foto, mas isso n\u00e3o altera a qualidade e durabilidade da mesma.<\/p>\n[elementor-template id=\"11510\"]\n","protected":false},"featured_media":4982,"template":"","meta":[],"product_brand":[],"product_cat":[32,78,42],"product_tag":[],"class_list":{"0":"post-796","1":"product","2":"type-product","3":"status-publish","4":"has-post-thumbnail","6":"product_cat-armas-de-treino","7":"product_cat-madeira","8":"product_cat-armas-jo","10":"first","11":"instock","12":"shipping-taxable","13":"purchasable","14":"product-type-simple"},"_links":{"self":[{"href":"https:\/\/kendoonline.com.br\/index.php\/wp-json\/wp\/v2\/product\/796","targetHints":{"allow":["GET"]}}],"collection":[{"href":"https:\/\/kendoonline.com.br\/index.php\/wp-json\/wp\/v2\/product"}],"about":[{"href":"https:\/\/kendoonline.com.br\/index.php\/wp-json\/wp\/v2\/types\/product"}],"wp:featuredmedia":[{"embeddable":true,"href":"https:\/\/kendoonline.com.br\/index.php\/wp-json\/wp\/v2\/media\/4982"}],"wp:attachment":[{"href":"https:\/\/kendoonline.com.br\/index.php\/wp-json\/wp\/v2\/media?parent=796"}],"wp:term":[{"taxonomy":"product_brand","embeddable":true,"href":"https:\/\/kendoonline.com.br\/index.php\/wp-json\/wp\/v2\/product_brand?post=796"},{"taxonomy":"product_cat","embeddable":true,"href":"https:\/\/kendoonline.com.br\/index.php\/wp-json\/wp\/v2\/product_cat?post=796"},{"taxonomy":"product_tag","embeddable":true,"href":"https:\/\/kendoonline.com.br\/index.php\/wp-json\/wp\/v2\/product_tag?post=796"}],"curies":[{"name":"wp","href":"https:\/\/api.w.org\/{rel}","templated":true}]}}