{"id":789,"date":"2021-09-11T19:58:00","date_gmt":"2021-09-11T22:58:00","guid":{"rendered":"https:\/\/kendoonline.com.br\/?post_type=product&#038;p=789"},"modified":"2023-12-25T16:08:48","modified_gmt":"2023-12-25T19:08:48","slug":"bone","status":"publish","type":"product","link":"https:\/\/kendoonline.com.br\/index.php\/product\/bone\/","title":{"rendered":"Bon\u00e9 Instituto Niten"},"content":{"rendered":"","protected":false},"excerpt":{"rendered":"<p>Bon\u00e9 com Mon bordado do Instituto Niten frontal, e inscri\u00e7\u00e3o &#8220;Instituto Niten&#8221; na lateral.<\/p>\n[elementor-template id=\"11516\"]\n","protected":false},"featured_media":7295,"template":"","meta":[],"product_brand":[],"product_cat":[294,63,22,46],"product_tag":[281],"class_list":{"0":"post-789","1":"product","2":"type-product","3":"status-publish","4":"has-post-thumbnail","6":"product_cat-presentes","7":"product_cat-outros","8":"product_cat-vestimentas","9":"product_cat-camisetas","10":"product_tag-oferta","12":"first","13":"instock","14":"sale","15":"shipping-taxable","16":"purchasable","17":"product-type-simple"},"_links":{"self":[{"href":"https:\/\/kendoonline.com.br\/index.php\/wp-json\/wp\/v2\/product\/789","targetHints":{"allow":["GET"]}}],"collection":[{"href":"https:\/\/kendoonline.com.br\/index.php\/wp-json\/wp\/v2\/product"}],"about":[{"href":"https:\/\/kendoonline.com.br\/index.php\/wp-json\/wp\/v2\/types\/product"}],"wp:featuredmedia":[{"embeddable":true,"href":"https:\/\/kendoonline.com.br\/index.php\/wp-json\/wp\/v2\/media\/7295"}],"wp:attachment":[{"href":"https:\/\/kendoonline.com.br\/index.php\/wp-json\/wp\/v2\/media?parent=789"}],"wp:term":[{"taxonomy":"product_brand","embeddable":true,"href":"https:\/\/kendoonline.com.br\/index.php\/wp-json\/wp\/v2\/product_brand?post=789"},{"taxonomy":"product_cat","embeddable":true,"href":"https:\/\/kendoonline.com.br\/index.php\/wp-json\/wp\/v2\/product_cat?post=789"},{"taxonomy":"product_tag","embeddable":true,"href":"https:\/\/kendoonline.com.br\/index.php\/wp-json\/wp\/v2\/product_tag?post=789"}],"curies":[{"name":"wp","href":"https:\/\/api.w.org\/{rel}","templated":true}]}}