{"id":7759,"date":"2022-03-07T17:10:48","date_gmt":"2022-03-07T20:10:48","guid":{"rendered":"https:\/\/kendoonline.com.br\/index.php\/product\/combo-shinhagakure-3aed-vols-12-copy\/"},"modified":"2023-12-22T17:00:01","modified_gmt":"2023-12-22T20:00:01","slug":"combo-shinhagakure-3aed-vols-12","status":"publish","type":"product","link":"https:\/\/kendoonline.com.br\/index.php\/product\/combo-shinhagakure-3aed-vols-12\/","title":{"rendered":"Combo SHINHAGAKURE 3\u00aaEd. Vols.1+2"},"content":{"rendered":"<p>Escrito pelo Sensei Jorge Kishikawa, o Livro \u201cSHINHAGAKURE &#8211; Pensamentos de um Samurai Moderno\u201d \u00e9 uma b\u00fassola para tempos dif\u00edceis, apresentando uma nova percep\u00e7\u00e3o da filosofia samurai e da cultura japonesa voltada para o homem moderno. Lan\u00e7ado originalmente em 2004, o livro \u00e9 estruturado em verbetes que tratam da experi\u00eancia do Sensei Jorge Kishikawa no Caminho da espada Samurai e de passagens marcantes vividas por ele e seus alunos praticantes de KENJUTSU, IAIJUTSU e JOJUTSU no Instituto Cultural Niten, fundado em 1993.<\/p>\n<p>Em 2016 o Shin Hagakure foi relan\u00e7ado em sua 3\u00aa edi\u00e7\u00e3o e com 2 volumes: O 1\u00ba volume transmite, dos treinos para o dia a dia, o conhecimento adquirido ao longo de 40 anos de conv\u00edvio com Mestres tradicionais do Jap\u00e3o. No 2\u00ba volume est\u00e3o os ensinamentos voltados \u00e0 pr\u00e1tica e \u00e0 parte t\u00e9cnica da espada.<\/p>\n<p>3\u00aa Edi\u00e7\u00e3o, <strong>Volume 1<\/strong> \u00a92016<br \/>\nEditora: Kendoonline Livros<br \/>\nIdioma: Portugu\u00eas<br \/>\nISBN 978-85-63530-01-1<br \/>\nFormato: Brochura<br \/>\n125mm x 185mm x 21mm<br \/>\n240 p\u00e1ginas<br \/>\ncom imagens preto e branco<\/p>\n<p>+<\/p>\n<p>3\u00aa Edi\u00e7\u00e3o, <strong>Volume 2 <\/strong>\u00a92016<br \/>\nEditora: Kendoonline Livros<br \/>\nIdioma: Portugu\u00eas<br \/>\nISBN 978-85-63530-02-8<br \/>\nFormato: Brochura<br \/>\n125mm x 185mm x 16mm<br \/>\n196 p\u00e1ginas<br \/>\ncom imagens preto e branco<\/p>\n","protected":false},"excerpt":{"rendered":"<p>Livros \u201cSHINHAGAKURE &#8211; Pensamentos de um Samurai Moderno\u201d escrito pelo Sensei Jorge Kishikawa.<\/p>\n<p>Combo da 3\u00aa Edi\u00e7\u00e3o, <strong>Volume 1 + Volume 2<\/strong> \u00a92016<br \/>\nEditora Kendoonline Livros<br \/>\nPortugu\u00eas<br \/>\n240 p\u00e1ginas + 196 p\u00e1ginas<\/p>\n[elementor-template id=\"11516\"]\n","protected":false},"featured_media":962,"template":"","meta":[],"product_brand":[],"product_cat":[301,55],"product_tag":[],"class_list":{"0":"post-7759","1":"product","2":"type-product","3":"status-publish","4":"has-post-thumbnail","6":"product_cat-mais-vendido","7":"product_cat-livros","9":"first","10":"instock","11":"sale","12":"shipping-taxable","13":"purchasable","14":"product-type-composite"},"_links":{"self":[{"href":"https:\/\/kendoonline.com.br\/index.php\/wp-json\/wp\/v2\/product\/7759","targetHints":{"allow":["GET"]}}],"collection":[{"href":"https:\/\/kendoonline.com.br\/index.php\/wp-json\/wp\/v2\/product"}],"about":[{"href":"https:\/\/kendoonline.com.br\/index.php\/wp-json\/wp\/v2\/types\/product"}],"wp:featuredmedia":[{"embeddable":true,"href":"https:\/\/kendoonline.com.br\/index.php\/wp-json\/wp\/v2\/media\/962"}],"wp:attachment":[{"href":"https:\/\/kendoonline.com.br\/index.php\/wp-json\/wp\/v2\/media?parent=7759"}],"wp:term":[{"taxonomy":"product_brand","embeddable":true,"href":"https:\/\/kendoonline.com.br\/index.php\/wp-json\/wp\/v2\/product_brand?post=7759"},{"taxonomy":"product_cat","embeddable":true,"href":"https:\/\/kendoonline.com.br\/index.php\/wp-json\/wp\/v2\/product_cat?post=7759"},{"taxonomy":"product_tag","embeddable":true,"href":"https:\/\/kendoonline.com.br\/index.php\/wp-json\/wp\/v2\/product_tag?post=7759"}],"curies":[{"name":"wp","href":"https:\/\/api.w.org\/{rel}","templated":true}]}}