{"id":759,"date":"2021-09-11T19:54:18","date_gmt":"2021-09-11T22:54:18","guid":{"rendered":"https:\/\/kendoonline.com.br\/?post_type=product&#038;p=759"},"modified":"2026-04-20T14:43:59","modified_gmt":"2026-04-20T17:43:59","slug":"protetor-de-tsuki-nihon","status":"publish","type":"product","link":"https:\/\/kendoonline.com.br\/index.php\/product\/protetor-de-tsuki-nihon\/","title":{"rendered":"Protetor de TSUKI"},"content":{"rendered":"","protected":false},"excerpt":{"rendered":"<p>Produto Nacional \/<br \/>\n<strong>Encaixe no MEN<\/strong>: Pe\u00e7a encaixada no MEN por detr\u00e1s do protetor de Tsuki do MEN, oferece prote\u00e7\u00e3o adicional no Tsuki &#8211; Tamanho \u00fanico \/<br \/>\n<strong>Pesco\u00e7o:<\/strong> em formato de anel cervical, feito de neoprene, oferece prote\u00e7\u00e3o extra &#8211; Tamanho \u00fanico<\/p>\n[elementor-template id=\"11510\"]\n<p>&nbsp;<\/p>\n","protected":false},"featured_media":5894,"template":"","meta":[],"product_brand":[],"product_cat":[50,51,52],"product_tag":[],"class_list":{"0":"post-759","1":"product","2":"type-product","3":"status-publish","4":"has-post-thumbnail","6":"product_cat-acessorios","7":"product_cat-acessorios-ken","8":"product_cat-protetores-ken","10":"first","11":"instock","12":"shipping-taxable","13":"purchasable","14":"product-type-variable"},"_links":{"self":[{"href":"https:\/\/kendoonline.com.br\/index.php\/wp-json\/wp\/v2\/product\/759","targetHints":{"allow":["GET"]}}],"collection":[{"href":"https:\/\/kendoonline.com.br\/index.php\/wp-json\/wp\/v2\/product"}],"about":[{"href":"https:\/\/kendoonline.com.br\/index.php\/wp-json\/wp\/v2\/types\/product"}],"wp:featuredmedia":[{"embeddable":true,"href":"https:\/\/kendoonline.com.br\/index.php\/wp-json\/wp\/v2\/media\/5894"}],"wp:attachment":[{"href":"https:\/\/kendoonline.com.br\/index.php\/wp-json\/wp\/v2\/media?parent=759"}],"wp:term":[{"taxonomy":"product_brand","embeddable":true,"href":"https:\/\/kendoonline.com.br\/index.php\/wp-json\/wp\/v2\/product_brand?post=759"},{"taxonomy":"product_cat","embeddable":true,"href":"https:\/\/kendoonline.com.br\/index.php\/wp-json\/wp\/v2\/product_cat?post=759"},{"taxonomy":"product_tag","embeddable":true,"href":"https:\/\/kendoonline.com.br\/index.php\/wp-json\/wp\/v2\/product_tag?post=759"}],"curies":[{"name":"wp","href":"https:\/\/api.w.org\/{rel}","templated":true}]}}