{"id":7542,"date":"2022-03-02T13:28:14","date_gmt":"2022-03-02T16:28:14","guid":{"rendered":"https:\/\/kendoonline.com.br\/?post_type=product&#038;p=7542"},"modified":"2024-01-02T17:18:33","modified_gmt":"2024-01-02T20:18:33","slug":"tanto-cod-628","status":"publish","type":"product","link":"https:\/\/kendoonline.com.br\/index.php\/product\/tanto-cod-628\/","title":{"rendered":"TANTO c\u00f3d.628"},"content":{"rendered":"","protected":false},"excerpt":{"rendered":"<p>Adaga japonesa importada \/<br \/>\nSem fio \/<br \/>\nL\u00e2mina em liga de alum\u00ednio e Zinco, n\u00e3o recebe fio \/<br \/>\nR\u00e9plica de adagas originais \/<\/p>\n[elementor-template id=\"11500\"]\n","protected":false},"featured_media":7549,"template":"","meta":[],"product_brand":[],"product_cat":[299,82,41],"product_tag":[],"class_list":{"0":"post-7542","1":"product","2":"type-product","3":"status-publish","4":"has-post-thumbnail","6":"product_cat-tanto","7":"product_cat-metal","8":"product_cat-armas-iai","10":"first","11":"outofstock","12":"shipping-taxable","13":"purchasable","14":"product-type-simple"},"_links":{"self":[{"href":"https:\/\/kendoonline.com.br\/index.php\/wp-json\/wp\/v2\/product\/7542","targetHints":{"allow":["GET"]}}],"collection":[{"href":"https:\/\/kendoonline.com.br\/index.php\/wp-json\/wp\/v2\/product"}],"about":[{"href":"https:\/\/kendoonline.com.br\/index.php\/wp-json\/wp\/v2\/types\/product"}],"wp:featuredmedia":[{"embeddable":true,"href":"https:\/\/kendoonline.com.br\/index.php\/wp-json\/wp\/v2\/media\/7549"}],"wp:attachment":[{"href":"https:\/\/kendoonline.com.br\/index.php\/wp-json\/wp\/v2\/media?parent=7542"}],"wp:term":[{"taxonomy":"product_brand","embeddable":true,"href":"https:\/\/kendoonline.com.br\/index.php\/wp-json\/wp\/v2\/product_brand?post=7542"},{"taxonomy":"product_cat","embeddable":true,"href":"https:\/\/kendoonline.com.br\/index.php\/wp-json\/wp\/v2\/product_cat?post=7542"},{"taxonomy":"product_tag","embeddable":true,"href":"https:\/\/kendoonline.com.br\/index.php\/wp-json\/wp\/v2\/product_tag?post=7542"}],"curies":[{"name":"wp","href":"https:\/\/api.w.org\/{rel}","templated":true}]}}