{"id":7505,"date":"2022-03-02T12:39:38","date_gmt":"2022-03-02T15:39:38","guid":{"rendered":"https:\/\/kendoonline.com.br\/?post_type=product&#038;p=7505"},"modified":"2024-01-02T17:17:14","modified_gmt":"2024-01-02T20:17:14","slug":"tanto-cod-625","status":"publish","type":"product","link":"https:\/\/kendoonline.com.br\/index.php\/product\/tanto-cod-625\/","title":{"rendered":"TANTO c\u00f3d.625"},"content":{"rendered":"","protected":false},"excerpt":{"rendered":"<p>Adaga japonesa importada \/<br \/>\nSem fio \/<br \/>\nL\u00e2mina em liga de alum\u00ednio e Zinco, n\u00e3o recebe fio \/<br \/>\nR\u00e9plica de adagas originais \/<\/p>\n[elementor-template id=\"11500\"]\n","protected":false},"featured_media":7517,"template":"","meta":[],"product_brand":[],"product_cat":[299,82,41],"product_tag":[],"class_list":{"0":"post-7505","1":"product","2":"type-product","3":"status-publish","4":"has-post-thumbnail","6":"product_cat-tanto","7":"product_cat-metal","8":"product_cat-armas-iai","10":"first","11":"outofstock","12":"shipping-taxable","13":"purchasable","14":"product-type-simple"},"_links":{"self":[{"href":"https:\/\/kendoonline.com.br\/index.php\/wp-json\/wp\/v2\/product\/7505","targetHints":{"allow":["GET"]}}],"collection":[{"href":"https:\/\/kendoonline.com.br\/index.php\/wp-json\/wp\/v2\/product"}],"about":[{"href":"https:\/\/kendoonline.com.br\/index.php\/wp-json\/wp\/v2\/types\/product"}],"wp:featuredmedia":[{"embeddable":true,"href":"https:\/\/kendoonline.com.br\/index.php\/wp-json\/wp\/v2\/media\/7517"}],"wp:attachment":[{"href":"https:\/\/kendoonline.com.br\/index.php\/wp-json\/wp\/v2\/media?parent=7505"}],"wp:term":[{"taxonomy":"product_brand","embeddable":true,"href":"https:\/\/kendoonline.com.br\/index.php\/wp-json\/wp\/v2\/product_brand?post=7505"},{"taxonomy":"product_cat","embeddable":true,"href":"https:\/\/kendoonline.com.br\/index.php\/wp-json\/wp\/v2\/product_cat?post=7505"},{"taxonomy":"product_tag","embeddable":true,"href":"https:\/\/kendoonline.com.br\/index.php\/wp-json\/wp\/v2\/product_tag?post=7505"}],"curies":[{"name":"wp","href":"https:\/\/api.w.org\/{rel}","templated":true}]}}