{"id":7490,"date":"2022-03-02T12:07:10","date_gmt":"2022-03-02T15:07:10","guid":{"rendered":"https:\/\/kendoonline.com.br\/?post_type=product&#038;p=7490"},"modified":"2024-01-02T17:20:28","modified_gmt":"2024-01-02T20:20:28","slug":"tanto-cod-624","status":"publish","type":"product","link":"https:\/\/kendoonline.com.br\/index.php\/product\/tanto-cod-624\/","title":{"rendered":"WAKIZASHI\/TANTO c\u00f3d.624"},"content":{"rendered":"","protected":false},"excerpt":{"rendered":"<p>Adaga japonesa importada \/<br \/>\nSem fio \/<br \/>\nL\u00e2mina em liga de alum\u00ednio e Zinco, n\u00e3o recebe fio \/<br \/>\nR\u00e9plica de adagas originais \/<\/p>\n<p>Utilizadas apenas nos Katas de Wakizashi<\/p>\n[elementor-template id=\"11500\"]\n","protected":false},"featured_media":7498,"template":"","meta":[],"product_brand":[],"product_cat":[300,299,82,41],"product_tag":[],"class_list":{"0":"post-7490","1":"product","2":"type-product","3":"status-publish","4":"has-post-thumbnail","6":"product_cat-iaito","7":"product_cat-tanto","8":"product_cat-metal","9":"product_cat-armas-iai","11":"first","12":"outofstock","13":"shipping-taxable","14":"purchasable","15":"product-type-simple"},"_links":{"self":[{"href":"https:\/\/kendoonline.com.br\/index.php\/wp-json\/wp\/v2\/product\/7490","targetHints":{"allow":["GET"]}}],"collection":[{"href":"https:\/\/kendoonline.com.br\/index.php\/wp-json\/wp\/v2\/product"}],"about":[{"href":"https:\/\/kendoonline.com.br\/index.php\/wp-json\/wp\/v2\/types\/product"}],"wp:featuredmedia":[{"embeddable":true,"href":"https:\/\/kendoonline.com.br\/index.php\/wp-json\/wp\/v2\/media\/7498"}],"wp:attachment":[{"href":"https:\/\/kendoonline.com.br\/index.php\/wp-json\/wp\/v2\/media?parent=7490"}],"wp:term":[{"taxonomy":"product_brand","embeddable":true,"href":"https:\/\/kendoonline.com.br\/index.php\/wp-json\/wp\/v2\/product_brand?post=7490"},{"taxonomy":"product_cat","embeddable":true,"href":"https:\/\/kendoonline.com.br\/index.php\/wp-json\/wp\/v2\/product_cat?post=7490"},{"taxonomy":"product_tag","embeddable":true,"href":"https:\/\/kendoonline.com.br\/index.php\/wp-json\/wp\/v2\/product_tag?post=7490"}],"curies":[{"name":"wp","href":"https:\/\/api.w.org\/{rel}","templated":true}]}}