{"id":739,"date":"2021-09-11T19:47:33","date_gmt":"2021-09-11T22:47:33","guid":{"rendered":"https:\/\/kendoonline.com.br\/?post_type=product&#038;p=739"},"modified":"2024-01-02T16:14:36","modified_gmt":"2024-01-02T19:14:36","slug":"himos-de-do-men-azul","status":"publish","type":"product","link":"https:\/\/kendoonline.com.br\/index.php\/product\/himos-de-do-men-azul\/","title":{"rendered":"HIMO de DO\/MEN"},"content":{"rendered":"","protected":false},"excerpt":{"rendered":"<p>Cord\u00f5es de marra\u00e7\u00e3o para DO ou MEN,<\/p>\n<p>Azuis<\/p>\n<p>Algod\u00e3o<\/p>\n[elementor-template id=\"11516\"]\n","protected":false},"featured_media":0,"template":"","meta":[],"product_brand":[],"product_cat":[25,56],"product_tag":[],"class_list":{"0":"post-739","1":"product","2":"type-product","3":"status-publish","5":"product_cat-bogu","6":"product_cat-acessorios-bogu","8":"first","9":"instock","10":"shipping-taxable","11":"purchasable","12":"product-type-variable"},"_links":{"self":[{"href":"https:\/\/kendoonline.com.br\/index.php\/wp-json\/wp\/v2\/product\/739","targetHints":{"allow":["GET"]}}],"collection":[{"href":"https:\/\/kendoonline.com.br\/index.php\/wp-json\/wp\/v2\/product"}],"about":[{"href":"https:\/\/kendoonline.com.br\/index.php\/wp-json\/wp\/v2\/types\/product"}],"wp:attachment":[{"href":"https:\/\/kendoonline.com.br\/index.php\/wp-json\/wp\/v2\/media?parent=739"}],"wp:term":[{"taxonomy":"product_brand","embeddable":true,"href":"https:\/\/kendoonline.com.br\/index.php\/wp-json\/wp\/v2\/product_brand?post=739"},{"taxonomy":"product_cat","embeddable":true,"href":"https:\/\/kendoonline.com.br\/index.php\/wp-json\/wp\/v2\/product_cat?post=739"},{"taxonomy":"product_tag","embeddable":true,"href":"https:\/\/kendoonline.com.br\/index.php\/wp-json\/wp\/v2\/product_tag?post=739"}],"curies":[{"name":"wp","href":"https:\/\/api.w.org\/{rel}","templated":true}]}}