{"id":736,"date":"2021-09-11T19:46:32","date_gmt":"2021-09-11T22:46:32","guid":{"rendered":"https:\/\/kendoonline.com.br\/?post_type=product&#038;p=736"},"modified":"2023-12-24T15:05:49","modified_gmt":"2023-12-24T18:05:49","slug":"armacao-para-oculos-de-treino","status":"publish","type":"product","link":"https:\/\/kendoonline.com.br\/index.php\/product\/armacao-para-oculos-de-treino\/","title":{"rendered":"Arma\u00e7\u00e3o para \u00d3culos de Treino c\u00f3d.614"},"content":{"rendered":"","protected":false},"excerpt":{"rendered":"<p>Para utiliza\u00e7\u00e3o de \u00f3culos com BOGU<\/p>\n[elementor-template id=\"11510\"]\n","protected":false},"featured_media":7280,"template":"","meta":[],"product_brand":[],"product_cat":[25,56,50,51],"product_tag":[],"class_list":{"0":"post-736","1":"product","2":"type-product","3":"status-publish","4":"has-post-thumbnail","6":"product_cat-bogu","7":"product_cat-acessorios-bogu","8":"product_cat-acessorios","9":"product_cat-acessorios-ken","11":"first","12":"outofstock","13":"shipping-taxable","14":"purchasable","15":"product-type-simple"},"_links":{"self":[{"href":"https:\/\/kendoonline.com.br\/index.php\/wp-json\/wp\/v2\/product\/736","targetHints":{"allow":["GET"]}}],"collection":[{"href":"https:\/\/kendoonline.com.br\/index.php\/wp-json\/wp\/v2\/product"}],"about":[{"href":"https:\/\/kendoonline.com.br\/index.php\/wp-json\/wp\/v2\/types\/product"}],"wp:featuredmedia":[{"embeddable":true,"href":"https:\/\/kendoonline.com.br\/index.php\/wp-json\/wp\/v2\/media\/7280"}],"wp:attachment":[{"href":"https:\/\/kendoonline.com.br\/index.php\/wp-json\/wp\/v2\/media?parent=736"}],"wp:term":[{"taxonomy":"product_brand","embeddable":true,"href":"https:\/\/kendoonline.com.br\/index.php\/wp-json\/wp\/v2\/product_brand?post=736"},{"taxonomy":"product_cat","embeddable":true,"href":"https:\/\/kendoonline.com.br\/index.php\/wp-json\/wp\/v2\/product_cat?post=736"},{"taxonomy":"product_tag","embeddable":true,"href":"https:\/\/kendoonline.com.br\/index.php\/wp-json\/wp\/v2\/product_tag?post=736"}],"curies":[{"name":"wp","href":"https:\/\/api.w.org\/{rel}","templated":true}]}}