{"id":7288,"date":"2022-03-01T20:07:03","date_gmt":"2022-03-01T23:07:03","guid":{"rendered":"https:\/\/kendoonline.com.br\/?post_type=product&#038;p=7288"},"modified":"2024-09-02T12:02:29","modified_gmt":"2024-09-02T15:02:29","slug":"armacao-para-oculos-de-treino-cod-615","status":"publish","type":"product","link":"https:\/\/kendoonline.com.br\/index.php\/product\/armacao-para-oculos-de-treino-cod-615\/","title":{"rendered":"Arma\u00e7\u00e3o para \u00d3culos de Treino c\u00f3d.615"},"content":{"rendered":"","protected":false},"excerpt":{"rendered":"<p>Para utiliza\u00e7\u00e3o de \u00f3culos com BOGU<\/p>\n[elementor-template id=\"11510\"]\n","protected":false},"featured_media":7294,"template":"","meta":[],"product_brand":[],"product_cat":[25,56,50,51],"product_tag":[],"class_list":{"0":"post-7288","1":"product","2":"type-product","3":"status-publish","4":"has-post-thumbnail","6":"product_cat-bogu","7":"product_cat-acessorios-bogu","8":"product_cat-acessorios","9":"product_cat-acessorios-ken","11":"first","12":"outofstock","13":"shipping-taxable","14":"purchasable","15":"product-type-simple"},"_links":{"self":[{"href":"https:\/\/kendoonline.com.br\/index.php\/wp-json\/wp\/v2\/product\/7288","targetHints":{"allow":["GET"]}}],"collection":[{"href":"https:\/\/kendoonline.com.br\/index.php\/wp-json\/wp\/v2\/product"}],"about":[{"href":"https:\/\/kendoonline.com.br\/index.php\/wp-json\/wp\/v2\/types\/product"}],"wp:featuredmedia":[{"embeddable":true,"href":"https:\/\/kendoonline.com.br\/index.php\/wp-json\/wp\/v2\/media\/7294"}],"wp:attachment":[{"href":"https:\/\/kendoonline.com.br\/index.php\/wp-json\/wp\/v2\/media?parent=7288"}],"wp:term":[{"taxonomy":"product_brand","embeddable":true,"href":"https:\/\/kendoonline.com.br\/index.php\/wp-json\/wp\/v2\/product_brand?post=7288"},{"taxonomy":"product_cat","embeddable":true,"href":"https:\/\/kendoonline.com.br\/index.php\/wp-json\/wp\/v2\/product_cat?post=7288"},{"taxonomy":"product_tag","embeddable":true,"href":"https:\/\/kendoonline.com.br\/index.php\/wp-json\/wp\/v2\/product_tag?post=7288"}],"curies":[{"name":"wp","href":"https:\/\/api.w.org\/{rel}","templated":true}]}}