{"id":728,"date":"2021-09-11T19:45:02","date_gmt":"2021-09-11T22:45:02","guid":{"rendered":"https:\/\/kendoonline.com.br\/?post_type=product&#038;p=728"},"modified":"2026-03-01T12:03:39","modified_gmt":"2026-03-01T15:03:39","slug":"ponteira-de-bambu","status":"publish","type":"product","link":"https:\/\/kendoonline.com.br\/index.php\/product\/ponteira-de-bambu\/","title":{"rendered":"Ponteira de Bambu para NAGINATA"},"content":{"rendered":"","protected":false},"excerpt":{"rendered":"<p>Ponteira de Bambu para Naginata de combate.<\/p>\n<p>N\u00e3o acompanha fita adesiva necess\u00e1ria para fixar a ponteira \u00e0 Naginata.<\/p>\n[elementor-template id=\"11510\"]\n","protected":false},"featured_media":4936,"template":"","meta":[],"product_brand":[],"product_cat":[32,77,33],"product_tag":[],"class_list":{"0":"post-728","1":"product","2":"type-product","3":"status-publish","4":"has-post-thumbnail","6":"product_cat-armas-de-treino","7":"product_cat-bambu","8":"product_cat-armas-ken","10":"first","11":"instock","12":"shipping-taxable","13":"purchasable","14":"product-type-simple"},"_links":{"self":[{"href":"https:\/\/kendoonline.com.br\/index.php\/wp-json\/wp\/v2\/product\/728","targetHints":{"allow":["GET"]}}],"collection":[{"href":"https:\/\/kendoonline.com.br\/index.php\/wp-json\/wp\/v2\/product"}],"about":[{"href":"https:\/\/kendoonline.com.br\/index.php\/wp-json\/wp\/v2\/types\/product"}],"wp:featuredmedia":[{"embeddable":true,"href":"https:\/\/kendoonline.com.br\/index.php\/wp-json\/wp\/v2\/media\/4936"}],"wp:attachment":[{"href":"https:\/\/kendoonline.com.br\/index.php\/wp-json\/wp\/v2\/media?parent=728"}],"wp:term":[{"taxonomy":"product_brand","embeddable":true,"href":"https:\/\/kendoonline.com.br\/index.php\/wp-json\/wp\/v2\/product_brand?post=728"},{"taxonomy":"product_cat","embeddable":true,"href":"https:\/\/kendoonline.com.br\/index.php\/wp-json\/wp\/v2\/product_cat?post=728"},{"taxonomy":"product_tag","embeddable":true,"href":"https:\/\/kendoonline.com.br\/index.php\/wp-json\/wp\/v2\/product_tag?post=728"}],"curies":[{"name":"wp","href":"https:\/\/api.w.org\/{rel}","templated":true}]}}