{"id":7212,"date":"2022-03-01T17:03:10","date_gmt":"2022-03-01T20:03:10","guid":{"rendered":"https:\/\/kendoonline.com.br\/?post_type=product&#038;p=7212"},"modified":"2023-04-04T13:18:32","modified_gmt":"2023-04-04T16:18:32","slug":"a-arte-da-guerra-edicao-bilingue","status":"publish","type":"product","link":"https:\/\/kendoonline.com.br\/index.php\/product\/a-arte-da-guerra-edicao-bilingue\/","title":{"rendered":"A Arte da Guerra &#8211; Edi\u00e7\u00e3o biling\u00fce"},"content":{"rendered":"","protected":false},"excerpt":{"rendered":"<p>No estado \/<br \/>\nponta de estoque \/<br \/>\nleves amassados<\/p>\n","protected":false},"featured_media":7213,"template":"","meta":[],"product_brand":[],"product_cat":[291],"product_tag":[281],"class_list":{"0":"post-7212","1":"product","2":"type-product","3":"status-publish","4":"has-post-thumbnail","6":"product_cat-livros-livros","7":"product_tag-oferta","9":"first","10":"outofstock","11":"sale","12":"shipping-taxable","13":"purchasable","14":"product-type-simple"},"_links":{"self":[{"href":"https:\/\/kendoonline.com.br\/index.php\/wp-json\/wp\/v2\/product\/7212","targetHints":{"allow":["GET"]}}],"collection":[{"href":"https:\/\/kendoonline.com.br\/index.php\/wp-json\/wp\/v2\/product"}],"about":[{"href":"https:\/\/kendoonline.com.br\/index.php\/wp-json\/wp\/v2\/types\/product"}],"wp:featuredmedia":[{"embeddable":true,"href":"https:\/\/kendoonline.com.br\/index.php\/wp-json\/wp\/v2\/media\/7213"}],"wp:attachment":[{"href":"https:\/\/kendoonline.com.br\/index.php\/wp-json\/wp\/v2\/media?parent=7212"}],"wp:term":[{"taxonomy":"product_brand","embeddable":true,"href":"https:\/\/kendoonline.com.br\/index.php\/wp-json\/wp\/v2\/product_brand?post=7212"},{"taxonomy":"product_cat","embeddable":true,"href":"https:\/\/kendoonline.com.br\/index.php\/wp-json\/wp\/v2\/product_cat?post=7212"},{"taxonomy":"product_tag","embeddable":true,"href":"https:\/\/kendoonline.com.br\/index.php\/wp-json\/wp\/v2\/product_tag?post=7212"}],"curies":[{"name":"wp","href":"https:\/\/api.w.org\/{rel}","templated":true}]}}