{"id":711,"date":"2021-09-11T19:40:56","date_gmt":"2021-09-11T22:40:56","guid":{"rendered":"https:\/\/kendoonline.com.br\/?post_type=product&#038;p=711"},"modified":"2023-12-22T17:13:37","modified_gmt":"2023-12-22T20:13:37","slug":"bogu-bukuro-couro-sintetico","status":"publish","type":"product","link":"https:\/\/kendoonline.com.br\/index.php\/product\/bogu-bukuro-couro-sintetico\/","title":{"rendered":"BOGU BUKURO couro sint\u00e9tico"},"content":{"rendered":"","protected":false},"excerpt":{"rendered":"<p>Bogu Bukuro padr\u00e3o de couro sint\u00e9tico.<\/p>\n[elementor-template id=\"11510\"]\n","protected":false},"featured_media":815,"template":"","meta":[],"product_brand":[],"product_cat":[25,91,56,50,62],"product_tag":[],"class_list":{"0":"post-711","1":"product","2":"type-product","3":"status-publish","4":"has-post-thumbnail","6":"product_cat-bogu","7":"product_cat-transporte-bogu","8":"product_cat-acessorios-bogu","9":"product_cat-acessorios","10":"product_cat-transporte","12":"first","13":"outofstock","14":"shipping-taxable","15":"purchasable","16":"product-type-simple"},"_links":{"self":[{"href":"https:\/\/kendoonline.com.br\/index.php\/wp-json\/wp\/v2\/product\/711","targetHints":{"allow":["GET"]}}],"collection":[{"href":"https:\/\/kendoonline.com.br\/index.php\/wp-json\/wp\/v2\/product"}],"about":[{"href":"https:\/\/kendoonline.com.br\/index.php\/wp-json\/wp\/v2\/types\/product"}],"wp:featuredmedia":[{"embeddable":true,"href":"https:\/\/kendoonline.com.br\/index.php\/wp-json\/wp\/v2\/media\/815"}],"wp:attachment":[{"href":"https:\/\/kendoonline.com.br\/index.php\/wp-json\/wp\/v2\/media?parent=711"}],"wp:term":[{"taxonomy":"product_brand","embeddable":true,"href":"https:\/\/kendoonline.com.br\/index.php\/wp-json\/wp\/v2\/product_brand?post=711"},{"taxonomy":"product_cat","embeddable":true,"href":"https:\/\/kendoonline.com.br\/index.php\/wp-json\/wp\/v2\/product_cat?post=711"},{"taxonomy":"product_tag","embeddable":true,"href":"https:\/\/kendoonline.com.br\/index.php\/wp-json\/wp\/v2\/product_tag?post=711"}],"curies":[{"name":"wp","href":"https:\/\/api.w.org\/{rel}","templated":true}]}}