{"id":7093,"date":"2022-03-01T10:09:30","date_gmt":"2022-03-01T13:09:30","guid":{"rendered":"https:\/\/kendoonline.com.br\/?post_type=product&#038;p=7093"},"modified":"2024-01-02T16:35:49","modified_gmt":"2024-01-02T19:35:49","slug":"samue-nihon-verao-l-cod-597","status":"publish","type":"product","link":"https:\/\/kendoonline.com.br\/index.php\/product\/samue-nihon-verao-l-cod-597\/","title":{"rendered":"SAMUE Nihon Ver\u00e3o (L) c\u00f3d.597"},"content":{"rendered":"","protected":false},"excerpt":{"rendered":"<p>100% Algod\u00e3o \/<br \/>\nTecido fino \/<br \/>\nTamanho: L<\/p>\n[elementor-template id=\"11510\"]\n","protected":false},"featured_media":7094,"template":"","meta":[],"product_brand":[],"product_cat":[22,47],"product_tag":[],"class_list":{"0":"post-7093","1":"product","2":"type-product","3":"status-publish","4":"has-post-thumbnail","6":"product_cat-vestimentas","7":"product_cat-samue","9":"first","10":"outofstock","11":"shipping-taxable","12":"purchasable","13":"product-type-simple"},"_links":{"self":[{"href":"https:\/\/kendoonline.com.br\/index.php\/wp-json\/wp\/v2\/product\/7093","targetHints":{"allow":["GET"]}}],"collection":[{"href":"https:\/\/kendoonline.com.br\/index.php\/wp-json\/wp\/v2\/product"}],"about":[{"href":"https:\/\/kendoonline.com.br\/index.php\/wp-json\/wp\/v2\/types\/product"}],"wp:featuredmedia":[{"embeddable":true,"href":"https:\/\/kendoonline.com.br\/index.php\/wp-json\/wp\/v2\/media\/7094"}],"wp:attachment":[{"href":"https:\/\/kendoonline.com.br\/index.php\/wp-json\/wp\/v2\/media?parent=7093"}],"wp:term":[{"taxonomy":"product_brand","embeddable":true,"href":"https:\/\/kendoonline.com.br\/index.php\/wp-json\/wp\/v2\/product_brand?post=7093"},{"taxonomy":"product_cat","embeddable":true,"href":"https:\/\/kendoonline.com.br\/index.php\/wp-json\/wp\/v2\/product_cat?post=7093"},{"taxonomy":"product_tag","embeddable":true,"href":"https:\/\/kendoonline.com.br\/index.php\/wp-json\/wp\/v2\/product_tag?post=7093"}],"curies":[{"name":"wp","href":"https:\/\/api.w.org\/{rel}","templated":true}]}}