{"id":701,"date":"2021-09-11T19:39:10","date_gmt":"2021-09-11T22:39:10","guid":{"rendered":"https:\/\/kendoonline.com.br\/?post_type=product&#038;p=701"},"modified":"2025-04-29T15:20:50","modified_gmt":"2025-04-29T18:20:50","slug":"oleo-p-iaito-100cc","status":"publish","type":"product","link":"https:\/\/kendoonline.com.br\/index.php\/product\/oleo-p-iaito-100cc\/","title":{"rendered":"\u00d3leo CHOJI para IAITO\/KATANA"},"content":{"rendered":"","protected":false},"excerpt":{"rendered":"<p>\u00d3leo de cravo para manuten\u00e7\u00e3o de IAITO e KATANA \/<br \/>\nImportado do Jap\u00e3o<\/p>\n<p>1cc = 1ml<\/p>\n[elementor-template id=\"11510\"]\n","protected":false},"featured_media":8124,"template":"","meta":[],"product_brand":[],"product_cat":[50,53],"product_tag":[281],"class_list":{"0":"post-701","1":"product","2":"type-product","3":"status-publish","4":"has-post-thumbnail","6":"product_cat-acessorios","7":"product_cat-acessorios-iai","8":"product_tag-oferta","10":"first","11":"instock","12":"shipping-taxable","13":"purchasable","14":"product-type-variable"},"_links":{"self":[{"href":"https:\/\/kendoonline.com.br\/index.php\/wp-json\/wp\/v2\/product\/701","targetHints":{"allow":["GET"]}}],"collection":[{"href":"https:\/\/kendoonline.com.br\/index.php\/wp-json\/wp\/v2\/product"}],"about":[{"href":"https:\/\/kendoonline.com.br\/index.php\/wp-json\/wp\/v2\/types\/product"}],"wp:featuredmedia":[{"embeddable":true,"href":"https:\/\/kendoonline.com.br\/index.php\/wp-json\/wp\/v2\/media\/8124"}],"wp:attachment":[{"href":"https:\/\/kendoonline.com.br\/index.php\/wp-json\/wp\/v2\/media?parent=701"}],"wp:term":[{"taxonomy":"product_brand","embeddable":true,"href":"https:\/\/kendoonline.com.br\/index.php\/wp-json\/wp\/v2\/product_brand?post=701"},{"taxonomy":"product_cat","embeddable":true,"href":"https:\/\/kendoonline.com.br\/index.php\/wp-json\/wp\/v2\/product_cat?post=701"},{"taxonomy":"product_tag","embeddable":true,"href":"https:\/\/kendoonline.com.br\/index.php\/wp-json\/wp\/v2\/product_tag?post=701"}],"curies":[{"name":"wp","href":"https:\/\/api.w.org\/{rel}","templated":true}]}}