{"id":691,"date":"2021-09-11T19:37:25","date_gmt":"2021-09-11T22:37:25","guid":{"rendered":"https:\/\/kendoonline.com.br\/?post_type=product&#038;p=691"},"modified":"2026-02-18T23:32:09","modified_gmt":"2026-02-19T02:32:09","slug":"joelheiras-nihon","status":"publish","type":"product","link":"https:\/\/kendoonline.com.br\/index.php\/product\/joelheiras-nihon\/","title":{"rendered":"Joelheiras Nacionais IAIJUTSU"},"content":{"rendered":"","protected":false},"excerpt":{"rendered":"<p>Par de joelheiras nacionais \/<br \/>\nItem essencial para IAIJUTSU \/<br \/>\nAs joelheiras para Iai s\u00e3o especialmente projetadas para a pr\u00e1tica de SEIZA, para que n\u00e3o prendam demasiadamente a circula\u00e7\u00e3o sangu\u00ednea \/<br \/>\nS\u00e3o tamb\u00e9m especialmente finas para que n\u00e3o atrapalhem a pr\u00e1tica do IAIJUTSU<\/p>\n[elementor-template id=\"11510\"]\n","protected":false},"featured_media":5761,"template":"","meta":[],"product_brand":[],"product_cat":[50,53,52],"product_tag":[],"class_list":{"0":"post-691","1":"product","2":"type-product","3":"status-publish","4":"has-post-thumbnail","6":"product_cat-acessorios","7":"product_cat-acessorios-iai","8":"product_cat-protetores-ken","10":"first","11":"instock","12":"shipping-taxable","13":"purchasable","14":"product-type-variable"},"_links":{"self":[{"href":"https:\/\/kendoonline.com.br\/index.php\/wp-json\/wp\/v2\/product\/691","targetHints":{"allow":["GET"]}}],"collection":[{"href":"https:\/\/kendoonline.com.br\/index.php\/wp-json\/wp\/v2\/product"}],"about":[{"href":"https:\/\/kendoonline.com.br\/index.php\/wp-json\/wp\/v2\/types\/product"}],"wp:featuredmedia":[{"embeddable":true,"href":"https:\/\/kendoonline.com.br\/index.php\/wp-json\/wp\/v2\/media\/5761"}],"wp:attachment":[{"href":"https:\/\/kendoonline.com.br\/index.php\/wp-json\/wp\/v2\/media?parent=691"}],"wp:term":[{"taxonomy":"product_brand","embeddable":true,"href":"https:\/\/kendoonline.com.br\/index.php\/wp-json\/wp\/v2\/product_brand?post=691"},{"taxonomy":"product_cat","embeddable":true,"href":"https:\/\/kendoonline.com.br\/index.php\/wp-json\/wp\/v2\/product_cat?post=691"},{"taxonomy":"product_tag","embeddable":true,"href":"https:\/\/kendoonline.com.br\/index.php\/wp-json\/wp\/v2\/product_tag?post=691"}],"curies":[{"name":"wp","href":"https:\/\/api.w.org\/{rel}","templated":true}]}}