{"id":682,"date":"2021-09-11T19:35:37","date_gmt":"2021-09-11T22:35:37","guid":{"rendered":"https:\/\/kendoonline.com.br\/?post_type=product&#038;p=682"},"modified":"2026-03-12T19:26:46","modified_gmt":"2026-03-12T22:26:46","slug":"saya-plastico-p-bokuto-federacao","status":"publish","type":"product","link":"https:\/\/kendoonline.com.br\/index.php\/product\/saya-plastico-p-bokuto-federacao\/","title":{"rendered":"SAYA pl\u00e1stico p\/ BOKUTO Federa\u00e7\u00e3o"},"content":{"rendered":"","protected":false},"excerpt":{"rendered":"<p>Bainha de pl\u00e1stico para pr\u00e1tica de Iaijutsu com BOKUTO.<\/p>\n<p>Apropriado para BOKUTOs do tipo Federa\u00e7\u00e3o.<\/p>\n<p>Escolha o tamanho de acordo com o BOKUTO que ser\u00e1 utilizado.<\/p>\n[elementor-template id=\"11510\"]\n","protected":false},"featured_media":5000,"template":"","meta":[],"product_brand":[],"product_cat":[301,32,78,41,50,53],"product_tag":[],"class_list":{"0":"post-682","1":"product","2":"type-product","3":"status-publish","4":"has-post-thumbnail","6":"product_cat-mais-vendido","7":"product_cat-armas-de-treino","8":"product_cat-madeira","9":"product_cat-armas-iai","10":"product_cat-acessorios","11":"product_cat-acessorios-iai","13":"first","14":"instock","15":"shipping-taxable","16":"purchasable","17":"product-type-variable"},"_links":{"self":[{"href":"https:\/\/kendoonline.com.br\/index.php\/wp-json\/wp\/v2\/product\/682","targetHints":{"allow":["GET"]}}],"collection":[{"href":"https:\/\/kendoonline.com.br\/index.php\/wp-json\/wp\/v2\/product"}],"about":[{"href":"https:\/\/kendoonline.com.br\/index.php\/wp-json\/wp\/v2\/types\/product"}],"wp:featuredmedia":[{"embeddable":true,"href":"https:\/\/kendoonline.com.br\/index.php\/wp-json\/wp\/v2\/media\/5000"}],"wp:attachment":[{"href":"https:\/\/kendoonline.com.br\/index.php\/wp-json\/wp\/v2\/media?parent=682"}],"wp:term":[{"taxonomy":"product_brand","embeddable":true,"href":"https:\/\/kendoonline.com.br\/index.php\/wp-json\/wp\/v2\/product_brand?post=682"},{"taxonomy":"product_cat","embeddable":true,"href":"https:\/\/kendoonline.com.br\/index.php\/wp-json\/wp\/v2\/product_cat?post=682"},{"taxonomy":"product_tag","embeddable":true,"href":"https:\/\/kendoonline.com.br\/index.php\/wp-json\/wp\/v2\/product_tag?post=682"}],"curies":[{"name":"wp","href":"https:\/\/api.w.org\/{rel}","templated":true}]}}