{"id":673,"date":"2021-09-11T19:33:06","date_gmt":"2021-09-11T22:33:06","guid":{"rendered":"https:\/\/kendoonline.com.br\/?post_type=product&#038;p=673"},"modified":"2024-01-02T17:05:32","modified_gmt":"2024-01-02T20:05:32","slug":"shinai-suburi-4-tiras-2tsurus","status":"publish","type":"product","link":"https:\/\/kendoonline.com.br\/index.php\/product\/shinai-suburi-4-tiras-2tsurus\/","title":{"rendered":"SHINAI SUBURI 4 tiras TSURU Duplo"},"content":{"rendered":"","protected":false},"excerpt":{"rendered":"<p>Shinai Suburi indicada para praticantes intermedi\u00e1rios a avan\u00e7ados com 2 cord\u00f5es (Tsurus)<\/p>\n<p>Ideal para pr\u00e1tica de for\u00e7a e resist\u00eancia em casa. Utilizar sob orienta\u00e7\u00e3o do seu instrutor<\/p>\n[elementor-template id=\"11510\"]\n","protected":false},"featured_media":4939,"template":"","meta":[],"product_brand":[],"product_cat":[32,77,33],"product_tag":[],"class_list":{"0":"post-673","1":"product","2":"type-product","3":"status-publish","4":"has-post-thumbnail","6":"product_cat-armas-de-treino","7":"product_cat-bambu","8":"product_cat-armas-ken","10":"first","11":"instock","12":"shipping-taxable","13":"purchasable","14":"product-type-simple"},"_links":{"self":[{"href":"https:\/\/kendoonline.com.br\/index.php\/wp-json\/wp\/v2\/product\/673","targetHints":{"allow":["GET"]}}],"collection":[{"href":"https:\/\/kendoonline.com.br\/index.php\/wp-json\/wp\/v2\/product"}],"about":[{"href":"https:\/\/kendoonline.com.br\/index.php\/wp-json\/wp\/v2\/types\/product"}],"wp:featuredmedia":[{"embeddable":true,"href":"https:\/\/kendoonline.com.br\/index.php\/wp-json\/wp\/v2\/media\/4939"}],"wp:attachment":[{"href":"https:\/\/kendoonline.com.br\/index.php\/wp-json\/wp\/v2\/media?parent=673"}],"wp:term":[{"taxonomy":"product_brand","embeddable":true,"href":"https:\/\/kendoonline.com.br\/index.php\/wp-json\/wp\/v2\/product_brand?post=673"},{"taxonomy":"product_cat","embeddable":true,"href":"https:\/\/kendoonline.com.br\/index.php\/wp-json\/wp\/v2\/product_cat?post=673"},{"taxonomy":"product_tag","embeddable":true,"href":"https:\/\/kendoonline.com.br\/index.php\/wp-json\/wp\/v2\/product_tag?post=673"}],"curies":[{"name":"wp","href":"https:\/\/api.w.org\/{rel}","templated":true}]}}