{"id":6683,"date":"2022-02-24T18:23:31","date_gmt":"2022-02-24T21:23:31","guid":{"rendered":"https:\/\/kendoonline.com.br\/?post_type=product&#038;p=6683"},"modified":"2024-01-02T16:29:32","modified_gmt":"2024-01-02T19:29:32","slug":"haori-nacional-com-serigrafia-musashi","status":"publish","type":"product","link":"https:\/\/kendoonline.com.br\/index.php\/product\/haori-nacional-com-serigrafia-musashi\/","title":{"rendered":"HAORI Nacional com Serigrafia MUSASHI"},"content":{"rendered":"","protected":false},"excerpt":{"rendered":"<p>Haori do Instituto Niten. Usado por sobre do Kimono ou roupa normal, forrado, esquenta o t\u00f3rax e abd\u00f3men. O Haroi \u00e9 permitido em treinamentos de Iai, Jo e Ken no Instituto NIten em locais extremamente frios.<\/p>\n<p>Vem com os MON do Instituto Niten\u00a0 da flor de ameixeira e kanjis SHIN e KEN, esp\u00edrito e espada, bordado. Dois na frente e um nas costas, al\u00e9m de bordado de &#8220;Instituto Niten&#8221; e os Kanjis de Niten Ken Kyu Sho (tradu\u00e7\u00e3o de Instituto Niten para Japon\u00eas) nas costas tamb\u00e9m.<\/p>\n<p>Na \u00e1rea principal das costas uma serigrafia em 7 cores de umas das gravuras mais c\u00e9lebres de Miyamoto Musashi.<\/p>\n[elementor-template id=\"11510\"]\n<p>&nbsp;<\/p>\n","protected":false},"featured_media":6682,"template":"","meta":[],"product_brand":[],"product_cat":[22,48],"product_tag":[],"class_list":{"0":"post-6683","1":"product","2":"type-product","3":"status-publish","4":"has-post-thumbnail","6":"product_cat-vestimentas","7":"product_cat-haori","9":"first","10":"instock","11":"shipping-taxable","12":"purchasable","13":"product-type-variable"},"_links":{"self":[{"href":"https:\/\/kendoonline.com.br\/index.php\/wp-json\/wp\/v2\/product\/6683","targetHints":{"allow":["GET"]}}],"collection":[{"href":"https:\/\/kendoonline.com.br\/index.php\/wp-json\/wp\/v2\/product"}],"about":[{"href":"https:\/\/kendoonline.com.br\/index.php\/wp-json\/wp\/v2\/types\/product"}],"wp:featuredmedia":[{"embeddable":true,"href":"https:\/\/kendoonline.com.br\/index.php\/wp-json\/wp\/v2\/media\/6682"}],"wp:attachment":[{"href":"https:\/\/kendoonline.com.br\/index.php\/wp-json\/wp\/v2\/media?parent=6683"}],"wp:term":[{"taxonomy":"product_brand","embeddable":true,"href":"https:\/\/kendoonline.com.br\/index.php\/wp-json\/wp\/v2\/product_brand?post=6683"},{"taxonomy":"product_cat","embeddable":true,"href":"https:\/\/kendoonline.com.br\/index.php\/wp-json\/wp\/v2\/product_cat?post=6683"},{"taxonomy":"product_tag","embeddable":true,"href":"https:\/\/kendoonline.com.br\/index.php\/wp-json\/wp\/v2\/product_tag?post=6683"}],"curies":[{"name":"wp","href":"https:\/\/api.w.org\/{rel}","templated":true}]}}