{"id":6470,"date":"2022-02-24T11:15:09","date_gmt":"2022-02-24T14:15:09","guid":{"rendered":"https:\/\/kendoonline.com.br\/?post_type=product&#038;p=6470"},"modified":"2023-12-27T11:16:01","modified_gmt":"2023-12-27T14:16:01","slug":"kimono-branco-gelo-trancado-duplo-importado-35-nota8-cod-442","status":"publish","type":"product","link":"https:\/\/kendoonline.com.br\/index.php\/product\/kimono-branco-gelo-trancado-duplo-importado-35-nota8-cod-442\/","title":{"rendered":"KIMONO &#8220;Branco Gelo&#8221; Tran\u00e7ado Duplo Importado (#3,5) Nota8 c\u00f3d.442"},"content":{"rendered":"","protected":false},"excerpt":{"rendered":"<p>Kimono Branco gelo tran\u00e7ado duplo Importado \/<br \/>\nTran\u00e7ado Duplo: mais pesado e mais grosso que o importado branco normal \/<br \/>\nTamanho: JPN #3,5 \/<br \/>\nNovo com leves manchas de estocagem que provavelmente podem ser removidas em lavagem com alvejante \/<br \/>\nVendido no estado \/<br \/>\nPonta de estoque \/<br \/>\nAvalia\u00e7\u00e3o: Nota 8 \/<br \/>\nNo Instituto Niten o KIMONO Branco tran\u00e7ado ser usado a partir do 5\u00ba Kyu, geralmente por mulheres e geralmente juntamente com HAKAMA branco, <strong><u>por\u00e9m deve ter os MONs do Instituto Niten bordados<\/u><\/strong>, veja os modelos com bordados \/<\/p>\n<p>Veja fotos gen\u00e9ricas do modelo <strong><a href=\"https:\/\/kendoonline.com.br\/index.php\/product\/kimono-branco-importado\/\">clicando aqui<\/a><\/strong><\/p>\n[elementor-template id=\"11510\"]\n","protected":false},"featured_media":6471,"template":"","meta":[],"product_brand":[],"product_cat":[290],"product_tag":[281],"class_list":{"0":"post-6470","1":"product","2":"type-product","3":"status-publish","4":"has-post-thumbnail","6":"product_cat-kimono-branco","7":"product_tag-oferta","9":"first","10":"instock","11":"sale","12":"shipping-taxable","13":"purchasable","14":"product-type-simple"},"_links":{"self":[{"href":"https:\/\/kendoonline.com.br\/index.php\/wp-json\/wp\/v2\/product\/6470","targetHints":{"allow":["GET"]}}],"collection":[{"href":"https:\/\/kendoonline.com.br\/index.php\/wp-json\/wp\/v2\/product"}],"about":[{"href":"https:\/\/kendoonline.com.br\/index.php\/wp-json\/wp\/v2\/types\/product"}],"wp:featuredmedia":[{"embeddable":true,"href":"https:\/\/kendoonline.com.br\/index.php\/wp-json\/wp\/v2\/media\/6471"}],"wp:attachment":[{"href":"https:\/\/kendoonline.com.br\/index.php\/wp-json\/wp\/v2\/media?parent=6470"}],"wp:term":[{"taxonomy":"product_brand","embeddable":true,"href":"https:\/\/kendoonline.com.br\/index.php\/wp-json\/wp\/v2\/product_brand?post=6470"},{"taxonomy":"product_cat","embeddable":true,"href":"https:\/\/kendoonline.com.br\/index.php\/wp-json\/wp\/v2\/product_cat?post=6470"},{"taxonomy":"product_tag","embeddable":true,"href":"https:\/\/kendoonline.com.br\/index.php\/wp-json\/wp\/v2\/product_tag?post=6470"}],"curies":[{"name":"wp","href":"https:\/\/api.w.org\/{rel}","templated":true}]}}