{"id":628,"date":"2021-09-11T19:22:48","date_gmt":"2021-09-11T22:22:48","guid":{"rendered":"https:\/\/kendoonline.com.br\/?post_type=product&#038;p=628"},"modified":"2026-04-13T15:05:14","modified_gmt":"2026-04-13T18:05:14","slug":"shinai-mushin","status":"publish","type":"product","link":"https:\/\/kendoonline.com.br\/index.php\/product\/shinai-mushin\/","title":{"rendered":"SHINAI &#8220;MUSHIN&#8221; \u7121\u5fc3"},"content":{"rendered":"","protected":false},"excerpt":{"rendered":"<div class=\"elementor-element elementor-element-5c63ba60 elementor-widget elementor-widget-woocommerce-product-short-description\" data-id=\"5c63ba60\" data-element_type=\"widget\" data-widget_type=\"woocommerce-product-short-description.default\">\n<div class=\"elementor-widget-container\">\n<div class=\"woocommerce-product-details__short-description\">\n<p>SHINAI \u201cMUSHIN\u201d \u00e9 o modelo b\u00e1sico de SHINAI. DIspon\u00edvel na maior gama de tamanhos.<\/p>\n<p>Acompanha guarda (TSUBA) amarela e borracha fixadora (TSUBA DOME)<\/p>\n<p>Para iniciantes recomendamos consultar seu professor para indica\u00e7\u00e3o mais adequada de tamanho.<\/p>\n<\/div>\n<p>Alguns tamanhos est\u00e3o esgotados, por causa disso temos a <a href=\"https:\/\/kendoonline.com.br\/index.php\/product\/shinai-ikun\/\">Ikun<\/a> em mega promo\u00e7\u00e3o at\u00e9 chegarem mais shinais mushin.<\/p>\n<p>https:\/\/kendoonline.com.br\/index.php\/product\/shinai-ikun\/<\/p>\n<div class=\"woocommerce-product-details__short-description\">\n[elementor-template id=\"11510\"]\n<\/div>\n<\/div>\n<\/div>\n","protected":false},"featured_media":4899,"template":"","meta":[],"product_brand":[],"product_cat":[301,32,77,33],"product_tag":[],"class_list":{"0":"post-628","1":"product","2":"type-product","3":"status-publish","4":"has-post-thumbnail","6":"product_cat-mais-vendido","7":"product_cat-armas-de-treino","8":"product_cat-bambu","9":"product_cat-armas-ken","11":"first","12":"instock","13":"shipping-taxable","14":"purchasable","15":"product-type-variable"},"_links":{"self":[{"href":"https:\/\/kendoonline.com.br\/index.php\/wp-json\/wp\/v2\/product\/628","targetHints":{"allow":["GET"]}}],"collection":[{"href":"https:\/\/kendoonline.com.br\/index.php\/wp-json\/wp\/v2\/product"}],"about":[{"href":"https:\/\/kendoonline.com.br\/index.php\/wp-json\/wp\/v2\/types\/product"}],"wp:featuredmedia":[{"embeddable":true,"href":"https:\/\/kendoonline.com.br\/index.php\/wp-json\/wp\/v2\/media\/4899"}],"wp:attachment":[{"href":"https:\/\/kendoonline.com.br\/index.php\/wp-json\/wp\/v2\/media?parent=628"}],"wp:term":[{"taxonomy":"product_brand","embeddable":true,"href":"https:\/\/kendoonline.com.br\/index.php\/wp-json\/wp\/v2\/product_brand?post=628"},{"taxonomy":"product_cat","embeddable":true,"href":"https:\/\/kendoonline.com.br\/index.php\/wp-json\/wp\/v2\/product_cat?post=628"},{"taxonomy":"product_tag","embeddable":true,"href":"https:\/\/kendoonline.com.br\/index.php\/wp-json\/wp\/v2\/product_tag?post=628"}],"curies":[{"name":"wp","href":"https:\/\/api.w.org\/{rel}","templated":true}]}}