{"id":624,"date":"2021-09-11T19:20:40","date_gmt":"2021-09-11T22:20:40","guid":{"rendered":"https:\/\/kendoonline.com.br\/?post_type=product&#038;p=624"},"modified":"2026-03-22T16:52:50","modified_gmt":"2026-03-22T19:52:50","slug":"tsuba-bokuto-federacao","status":"publish","type":"product","link":"https:\/\/kendoonline.com.br\/index.php\/product\/tsuba-bokuto-federacao\/","title":{"rendered":"TSUBA p\/ BOKUTO Federa\u00e7\u00e3o"},"content":{"rendered":"","protected":false},"excerpt":{"rendered":"<p>Guarda para BOKUTO tipo federa\u00e7\u00e3o e SHOTO<\/p>\n<p>Cor do tsuba e tsuba dome podem variar de acordo com o lote entre as cores da foto, preto e marrom escuro.<\/p>\n<p>O tamanho do tsuba \u00e9 bastante justo. Em muitos casos entra e sai com dificuldade. Pode ocorrer de ser necess\u00e1rio limar o tsuba um pouco para que encaixe em Bokutos que podem estar um ou dois milimetros mais grossos que o padr\u00e3o.<\/p>\n<p>Os bokutos federa\u00e7\u00e3o vendidos pela Kendoonline j\u00e1 vem com TSUBA incluso, n\u00e3o sendo necess\u00e1rio compr\u00e1-los em separado.<\/p>\n[elementor-template id=\"11516\"]\n","protected":false},"featured_media":4999,"template":"","meta":[],"product_brand":[],"product_cat":[32,78,41,42,33,53,51],"product_tag":[],"class_list":{"0":"post-624","1":"product","2":"type-product","3":"status-publish","4":"has-post-thumbnail","6":"product_cat-armas-de-treino","7":"product_cat-madeira","8":"product_cat-armas-iai","9":"product_cat-armas-jo","10":"product_cat-armas-ken","11":"product_cat-acessorios-iai","12":"product_cat-acessorios-ken","14":"first","15":"instock","16":"shipping-taxable","17":"purchasable","18":"product-type-simple"},"_links":{"self":[{"href":"https:\/\/kendoonline.com.br\/index.php\/wp-json\/wp\/v2\/product\/624","targetHints":{"allow":["GET"]}}],"collection":[{"href":"https:\/\/kendoonline.com.br\/index.php\/wp-json\/wp\/v2\/product"}],"about":[{"href":"https:\/\/kendoonline.com.br\/index.php\/wp-json\/wp\/v2\/types\/product"}],"wp:featuredmedia":[{"embeddable":true,"href":"https:\/\/kendoonline.com.br\/index.php\/wp-json\/wp\/v2\/media\/4999"}],"wp:attachment":[{"href":"https:\/\/kendoonline.com.br\/index.php\/wp-json\/wp\/v2\/media?parent=624"}],"wp:term":[{"taxonomy":"product_brand","embeddable":true,"href":"https:\/\/kendoonline.com.br\/index.php\/wp-json\/wp\/v2\/product_brand?post=624"},{"taxonomy":"product_cat","embeddable":true,"href":"https:\/\/kendoonline.com.br\/index.php\/wp-json\/wp\/v2\/product_cat?post=624"},{"taxonomy":"product_tag","embeddable":true,"href":"https:\/\/kendoonline.com.br\/index.php\/wp-json\/wp\/v2\/product_tag?post=624"}],"curies":[{"name":"wp","href":"https:\/\/api.w.org\/{rel}","templated":true}]}}