{"id":615,"date":"2021-09-11T19:13:39","date_gmt":"2021-09-11T22:13:39","guid":{"rendered":"https:\/\/kendoonline.com.br\/?post_type=product&#038;p=615"},"modified":"2026-03-11T07:23:31","modified_gmt":"2026-03-11T10:23:31","slug":"bokuto-ipe-masculino-federacao","status":"publish","type":"product","link":"https:\/\/kendoonline.com.br\/index.php\/product\/bokuto-ipe-masculino-federacao\/","title":{"rendered":"BOKUTO Federa\u00e7\u00e3o Nacional"},"content":{"rendered":"","protected":false},"excerpt":{"rendered":"<p>BOKUTO de madeira.<\/p>\n<p>BOKUTO padr\u00e3o para a pr\u00e1tica do IAIJUTSU para iniciantes sem IAITO.<\/p>\n<p>Tamb\u00e9m utilizado na pr\u00e1tica normal do JOJUTSU e na pr\u00e1tica de KATAS DAI NIPPON de KENJUTSU.<\/p>\n<p>Inclui TSUBA (guarda) de acr\u00edlico e TSUBA DOME (borracha fixadora da guarda).<\/p>\n<p>Consulte seu instrutor sobre o tamanho apropriado<\/p>\n[elementor-template id=\"11510\"]\n","protected":false},"featured_media":4948,"template":"","meta":[],"product_brand":[],"product_cat":[301,32,78,41,42,33],"product_tag":[],"class_list":{"0":"post-615","1":"product","2":"type-product","3":"status-publish","4":"has-post-thumbnail","6":"product_cat-mais-vendido","7":"product_cat-armas-de-treino","8":"product_cat-madeira","9":"product_cat-armas-iai","10":"product_cat-armas-jo","11":"product_cat-armas-ken","13":"first","14":"instock","15":"shipping-taxable","16":"purchasable","17":"product-type-variable"},"_links":{"self":[{"href":"https:\/\/kendoonline.com.br\/index.php\/wp-json\/wp\/v2\/product\/615","targetHints":{"allow":["GET"]}}],"collection":[{"href":"https:\/\/kendoonline.com.br\/index.php\/wp-json\/wp\/v2\/product"}],"about":[{"href":"https:\/\/kendoonline.com.br\/index.php\/wp-json\/wp\/v2\/types\/product"}],"wp:featuredmedia":[{"embeddable":true,"href":"https:\/\/kendoonline.com.br\/index.php\/wp-json\/wp\/v2\/media\/4948"}],"wp:attachment":[{"href":"https:\/\/kendoonline.com.br\/index.php\/wp-json\/wp\/v2\/media?parent=615"}],"wp:term":[{"taxonomy":"product_brand","embeddable":true,"href":"https:\/\/kendoonline.com.br\/index.php\/wp-json\/wp\/v2\/product_brand?post=615"},{"taxonomy":"product_cat","embeddable":true,"href":"https:\/\/kendoonline.com.br\/index.php\/wp-json\/wp\/v2\/product_cat?post=615"},{"taxonomy":"product_tag","embeddable":true,"href":"https:\/\/kendoonline.com.br\/index.php\/wp-json\/wp\/v2\/product_tag?post=615"}],"curies":[{"name":"wp","href":"https:\/\/api.w.org\/{rel}","templated":true}]}}