{"id":5797,"date":"2022-02-18T14:53:03","date_gmt":"2022-02-18T17:53:03","guid":{"rendered":"https:\/\/kendoonline.com.br\/?post_type=product&#038;p=5797"},"modified":"2023-12-25T15:53:21","modified_gmt":"2023-12-25T18:53:21","slug":"joelheiras-com-velcro-nihon-iaijutsu-589","status":"publish","type":"product","link":"https:\/\/kendoonline.com.br\/index.php\/product\/joelheiras-com-velcro-nihon-iaijutsu-589\/","title":{"rendered":"Joelheiras com Velcro Nihon IAIJUTSU C\u00f3d.589b"},"content":{"rendered":"","protected":false},"excerpt":{"rendered":"<p>Par de joelheiras importadas japonesas \/<br \/>\ncom velcro \/<br \/>\nItem essencial para IAIJUTSU \/<br \/>\nAs joelheiras para Iai s\u00e3o especialmente projetadas para a pr\u00e1tica de SEIZA, para que n\u00e3o prendam demasiadamente a circula\u00e7\u00e3o sangu\u00ednea \/<br \/>\nS\u00e3o tamb\u00e9m especialmente finas para que n\u00e3o atrapalhem a pr\u00e1tica do IAIJUTSU<\/p>\n[elementor-template id=\"11510\"]\n","protected":false},"featured_media":5802,"template":"","meta":[],"product_brand":[],"product_cat":[50,53,52],"product_tag":[281],"class_list":{"0":"post-5797","1":"product","2":"type-product","3":"status-publish","4":"has-post-thumbnail","6":"product_cat-acessorios","7":"product_cat-acessorios-iai","8":"product_cat-protetores-ken","9":"product_tag-oferta","11":"first","12":"outofstock","13":"sale","14":"shipping-taxable","15":"purchasable","16":"product-type-variable","17":"has-default-attributes"},"_links":{"self":[{"href":"https:\/\/kendoonline.com.br\/index.php\/wp-json\/wp\/v2\/product\/5797","targetHints":{"allow":["GET"]}}],"collection":[{"href":"https:\/\/kendoonline.com.br\/index.php\/wp-json\/wp\/v2\/product"}],"about":[{"href":"https:\/\/kendoonline.com.br\/index.php\/wp-json\/wp\/v2\/types\/product"}],"wp:featuredmedia":[{"embeddable":true,"href":"https:\/\/kendoonline.com.br\/index.php\/wp-json\/wp\/v2\/media\/5802"}],"wp:attachment":[{"href":"https:\/\/kendoonline.com.br\/index.php\/wp-json\/wp\/v2\/media?parent=5797"}],"wp:term":[{"taxonomy":"product_brand","embeddable":true,"href":"https:\/\/kendoonline.com.br\/index.php\/wp-json\/wp\/v2\/product_brand?post=5797"},{"taxonomy":"product_cat","embeddable":true,"href":"https:\/\/kendoonline.com.br\/index.php\/wp-json\/wp\/v2\/product_cat?post=5797"},{"taxonomy":"product_tag","embeddable":true,"href":"https:\/\/kendoonline.com.br\/index.php\/wp-json\/wp\/v2\/product_tag?post=5797"}],"curies":[{"name":"wp","href":"https:\/\/api.w.org\/{rel}","templated":true}]}}