{"id":5785,"date":"2022-02-18T14:45:01","date_gmt":"2022-02-18T17:45:01","guid":{"rendered":"https:\/\/kendoonline.com.br\/?post_type=product&#038;p=5785"},"modified":"2024-02-04T01:16:02","modified_gmt":"2024-02-04T04:16:02","slug":"joelheiras-com-velcro-nihon-iaijutsu","status":"publish","type":"product","link":"https:\/\/kendoonline.com.br\/index.php\/product\/joelheiras-com-velcro-nihon-iaijutsu\/","title":{"rendered":"Joelheiras com Velcro Nihon IAIJUTSU C\u00f3d.589"},"content":{"rendered":"","protected":false},"excerpt":{"rendered":"<p>Par de joelheiras importadas japonesas \/<br \/>\ncom velcro \/<br \/>\nItem essencial para IAIJUTSU \/<br \/>\nAs joelheiras para Iai s\u00e3o especialmente projetadas para a pr\u00e1tica de SEIZA, para que n\u00e3o prendam demasiadamente a circula\u00e7\u00e3o sangu\u00ednea \/<br \/>\nS\u00e3o tamb\u00e9m especialmente finas para que n\u00e3o atrapalhem a pr\u00e1tica do IAIJUTSU<\/p>\n[elementor-template id=\"11510\"]\n","protected":false},"featured_media":5793,"template":"","meta":[],"product_brand":[],"product_cat":[50,53,52],"product_tag":[],"class_list":{"0":"post-5785","1":"product","2":"type-product","3":"status-publish","4":"has-post-thumbnail","6":"product_cat-acessorios","7":"product_cat-acessorios-iai","8":"product_cat-protetores-ken","10":"first","11":"outofstock","12":"shipping-taxable","13":"purchasable","14":"product-type-variable","15":"has-default-attributes"},"_links":{"self":[{"href":"https:\/\/kendoonline.com.br\/index.php\/wp-json\/wp\/v2\/product\/5785","targetHints":{"allow":["GET"]}}],"collection":[{"href":"https:\/\/kendoonline.com.br\/index.php\/wp-json\/wp\/v2\/product"}],"about":[{"href":"https:\/\/kendoonline.com.br\/index.php\/wp-json\/wp\/v2\/types\/product"}],"wp:featuredmedia":[{"embeddable":true,"href":"https:\/\/kendoonline.com.br\/index.php\/wp-json\/wp\/v2\/media\/5793"}],"wp:attachment":[{"href":"https:\/\/kendoonline.com.br\/index.php\/wp-json\/wp\/v2\/media?parent=5785"}],"wp:term":[{"taxonomy":"product_brand","embeddable":true,"href":"https:\/\/kendoonline.com.br\/index.php\/wp-json\/wp\/v2\/product_brand?post=5785"},{"taxonomy":"product_cat","embeddable":true,"href":"https:\/\/kendoonline.com.br\/index.php\/wp-json\/wp\/v2\/product_cat?post=5785"},{"taxonomy":"product_tag","embeddable":true,"href":"https:\/\/kendoonline.com.br\/index.php\/wp-json\/wp\/v2\/product_tag?post=5785"}],"curies":[{"name":"wp","href":"https:\/\/api.w.org\/{rel}","templated":true}]}}