{"id":5053,"date":"2022-02-10T16:01:51","date_gmt":"2022-02-10T19:01:51","guid":{"rendered":"https:\/\/kendoonline.com.br\/?post_type=product&#038;p=5053"},"modified":"2026-04-13T12:21:16","modified_gmt":"2026-04-13T15:21:16","slug":"obi-nacional-simples","status":"publish","type":"product","link":"https:\/\/kendoonline.com.br\/index.php\/product\/obi-nacional-simples\/","title":{"rendered":"OBI Nacional Simples"},"content":{"rendered":"","protected":false},"excerpt":{"rendered":"<p>Faixa para cintura, usada sobre o KIMONO e sob o HAKAMA.<\/p>\n<p>O OBI Nacional Simples \u00e9 feito de tecido levemente el\u00e1stico, favorecendo seu uso para o KENJUTSU. Para a pr\u00e1tica do IAJUTSU ele permite uma movimenta\u00e7\u00e3o mais livre da bainha, por\u00e9m pode requerer ser reapertado no meio do treino.<\/p>\n<p>Essencial para a pr\u00e1tica de IAIJUTSU e recomendado para as pr\u00e1ticas de KENJUTSU e IAIJUTSU.<\/p>\n<p>O comprimento do OBI deve ser aproximadamente <strong>3,5<\/strong> vezes a cintura\u00b9 do praticante<br \/>\nExemplo para cintura 1,10 metros :<br \/>\n<strong>3,5<\/strong> * 1,10 metros = 3.85 metros &#8211;&gt; OBI 4 metros<\/p>\n<p>obs\u00b9: Se o quadril for maior que a cintura, fazer o c\u00e1lculo com o quadril, ou seja, com o valor que for maior.<\/p>\n[elementor-template id=\"11516\"]\n","protected":false},"featured_media":5058,"template":"","meta":[],"product_brand":[],"product_cat":[23],"product_tag":[],"class_list":{"0":"post-5053","1":"product","2":"type-product","3":"status-publish","4":"has-post-thumbnail","6":"product_cat-obi","8":"first","9":"instock","10":"shipping-taxable","11":"purchasable","12":"product-type-variable"},"_links":{"self":[{"href":"https:\/\/kendoonline.com.br\/index.php\/wp-json\/wp\/v2\/product\/5053","targetHints":{"allow":["GET"]}}],"collection":[{"href":"https:\/\/kendoonline.com.br\/index.php\/wp-json\/wp\/v2\/product"}],"about":[{"href":"https:\/\/kendoonline.com.br\/index.php\/wp-json\/wp\/v2\/types\/product"}],"wp:featuredmedia":[{"embeddable":true,"href":"https:\/\/kendoonline.com.br\/index.php\/wp-json\/wp\/v2\/media\/5058"}],"wp:attachment":[{"href":"https:\/\/kendoonline.com.br\/index.php\/wp-json\/wp\/v2\/media?parent=5053"}],"wp:term":[{"taxonomy":"product_brand","embeddable":true,"href":"https:\/\/kendoonline.com.br\/index.php\/wp-json\/wp\/v2\/product_brand?post=5053"},{"taxonomy":"product_cat","embeddable":true,"href":"https:\/\/kendoonline.com.br\/index.php\/wp-json\/wp\/v2\/product_cat?post=5053"},{"taxonomy":"product_tag","embeddable":true,"href":"https:\/\/kendoonline.com.br\/index.php\/wp-json\/wp\/v2\/product_tag?post=5053"}],"curies":[{"name":"wp","href":"https:\/\/api.w.org\/{rel}","templated":true}]}}