{"id":5017,"date":"2022-02-09T15:56:11","date_gmt":"2022-02-09T18:56:11","guid":{"rendered":"https:\/\/kendoonline.com.br\/?post_type=product&#038;p=5017"},"modified":"2026-04-13T19:22:55","modified_gmt":"2026-04-13T22:22:55","slug":"combo-saya-shoto-carvalho-branco-p-goshinjutsu","status":"publish","type":"product","link":"https:\/\/kendoonline.com.br\/index.php\/product\/combo-saya-shoto-carvalho-branco-p-goshinjutsu\/","title":{"rendered":"Combo SAYA + SHOTO Carvalho Branco p\/ GOSHINJUTSU"},"content":{"rendered":"","protected":false},"excerpt":{"rendered":"<p>SHOTO Federa\u00e7\u00e3o de Carvalho Branco + SAYA (Bainha) de pl\u00e1stico.<\/p>\n<p>A bainha \u00e9 improvisada a partir de uma bainha para BOKUTO.<\/p>\n[elementor-template id=\"11510\"]\n","protected":false},"featured_media":5018,"template":"","meta":[],"product_brand":[],"product_cat":[32,78,33],"product_tag":[],"class_list":{"0":"post-5017","1":"product","2":"type-product","3":"status-publish","4":"has-post-thumbnail","6":"product_cat-armas-de-treino","7":"product_cat-madeira","8":"product_cat-armas-ken","10":"first","11":"instock","12":"shipping-taxable","13":"purchasable","14":"product-type-composite"},"_links":{"self":[{"href":"https:\/\/kendoonline.com.br\/index.php\/wp-json\/wp\/v2\/product\/5017","targetHints":{"allow":["GET"]}}],"collection":[{"href":"https:\/\/kendoonline.com.br\/index.php\/wp-json\/wp\/v2\/product"}],"about":[{"href":"https:\/\/kendoonline.com.br\/index.php\/wp-json\/wp\/v2\/types\/product"}],"wp:featuredmedia":[{"embeddable":true,"href":"https:\/\/kendoonline.com.br\/index.php\/wp-json\/wp\/v2\/media\/5018"}],"wp:attachment":[{"href":"https:\/\/kendoonline.com.br\/index.php\/wp-json\/wp\/v2\/media?parent=5017"}],"wp:term":[{"taxonomy":"product_brand","embeddable":true,"href":"https:\/\/kendoonline.com.br\/index.php\/wp-json\/wp\/v2\/product_brand?post=5017"},{"taxonomy":"product_cat","embeddable":true,"href":"https:\/\/kendoonline.com.br\/index.php\/wp-json\/wp\/v2\/product_cat?post=5017"},{"taxonomy":"product_tag","embeddable":true,"href":"https:\/\/kendoonline.com.br\/index.php\/wp-json\/wp\/v2\/product_tag?post=5017"}],"curies":[{"name":"wp","href":"https:\/\/api.w.org\/{rel}","templated":true}]}}