{"id":5009,"date":"2022-02-09T12:19:39","date_gmt":"2022-02-09T15:19:39","guid":{"rendered":"https:\/\/kendoonline.com.br\/index.php\/product\/tsuba-bokuto-federacao-copy-copy\/"},"modified":"2025-02-24T08:39:49","modified_gmt":"2025-02-24T11:39:49","slug":"tsuba-bokuto-federacao-copy-copy","status":"publish","type":"product","link":"https:\/\/kendoonline.com.br\/index.php\/product\/tsuba-bokuto-federacao-copy-copy\/","title":{"rendered":"TSUBA de Couro p\/ BOKUTO Federa\u00e7\u00e3o"},"content":{"rendered":"","protected":false},"excerpt":{"rendered":"<p>Guarda de Couro para BOKUTO tipo federa\u00e7\u00e3o e SHOTO<\/p>\n<p>N\u00e3o acompanha borracha fixadora (TSUBA DOME)<\/p>\n<p>Os bokutos federa\u00e7\u00e3o vendidos pela Kendoonline j\u00e1 vem com TSUBA de acr\u00edlico incluso, n\u00e3o sendo necess\u00e1rio compr\u00e1-los em separado.<\/p>\n[elementor-template id=\"11516\"]\n","protected":false},"featured_media":5010,"template":"","meta":[],"product_brand":[],"product_cat":[32,78,41,42,33,53,51],"product_tag":[],"class_list":{"0":"post-5009","1":"product","2":"type-product","3":"status-publish","4":"has-post-thumbnail","6":"product_cat-armas-de-treino","7":"product_cat-madeira","8":"product_cat-armas-iai","9":"product_cat-armas-jo","10":"product_cat-armas-ken","11":"product_cat-acessorios-iai","12":"product_cat-acessorios-ken","14":"first","15":"instock","16":"shipping-taxable","17":"purchasable","18":"product-type-simple"},"_links":{"self":[{"href":"https:\/\/kendoonline.com.br\/index.php\/wp-json\/wp\/v2\/product\/5009","targetHints":{"allow":["GET"]}}],"collection":[{"href":"https:\/\/kendoonline.com.br\/index.php\/wp-json\/wp\/v2\/product"}],"about":[{"href":"https:\/\/kendoonline.com.br\/index.php\/wp-json\/wp\/v2\/types\/product"}],"wp:featuredmedia":[{"embeddable":true,"href":"https:\/\/kendoonline.com.br\/index.php\/wp-json\/wp\/v2\/media\/5010"}],"wp:attachment":[{"href":"https:\/\/kendoonline.com.br\/index.php\/wp-json\/wp\/v2\/media?parent=5009"}],"wp:term":[{"taxonomy":"product_brand","embeddable":true,"href":"https:\/\/kendoonline.com.br\/index.php\/wp-json\/wp\/v2\/product_brand?post=5009"},{"taxonomy":"product_cat","embeddable":true,"href":"https:\/\/kendoonline.com.br\/index.php\/wp-json\/wp\/v2\/product_cat?post=5009"},{"taxonomy":"product_tag","embeddable":true,"href":"https:\/\/kendoonline.com.br\/index.php\/wp-json\/wp\/v2\/product_tag?post=5009"}],"curies":[{"name":"wp","href":"https:\/\/api.w.org\/{rel}","templated":true}]}}