{"id":4954,"date":"2022-02-09T11:09:45","date_gmt":"2022-02-09T14:09:45","guid":{"rendered":"https:\/\/kendoonline.com.br\/index.php\/product\/bokuto-ipe-masculino-federacao-copy\/"},"modified":"2026-02-18T14:44:24","modified_gmt":"2026-02-18T17:44:24","slug":"bokuto-ipe-masculino-federacao-copy","status":"publish","type":"product","link":"https:\/\/kendoonline.com.br\/index.php\/product\/bokuto-ipe-masculino-federacao-copy\/","title":{"rendered":"BOKUTO Federa\u00e7\u00e3o Carvalho Branco C2021"},"content":{"rendered":"","protected":false},"excerpt":{"rendered":"<p>BOKUTO de Carvalho Branco.<\/p>\n<p>BOKUTO padr\u00e3o para a pr\u00e1tica do IAIJUTSU para iniciantes sem IAITO.<\/p>\n<p>Tamb\u00e9m utilizado na pr\u00e1tica normal do JOJUTSU e na pr\u00e1tica de KATAS DAI NIPPON de KENJUTSU.<\/p>\n<p>Inclui TSUBA (guarda) de acr\u00edlico e TSUBA DOME (borracha fixadora da guarda).<\/p>\n<p>Consulte seu instrutor sobre o tamanho apropriado<\/p>\n<p>Origem: China<\/p>\n[elementor-template id=\"11510\"]\n","protected":false},"featured_media":4957,"template":"","meta":[],"product_brand":[],"product_cat":[32,78,41,42,33],"product_tag":[],"class_list":{"0":"post-4954","1":"product","2":"type-product","3":"status-publish","4":"has-post-thumbnail","6":"product_cat-armas-de-treino","7":"product_cat-madeira","8":"product_cat-armas-iai","9":"product_cat-armas-jo","10":"product_cat-armas-ken","12":"first","13":"instock","14":"shipping-taxable","15":"purchasable","16":"product-type-variable"},"_links":{"self":[{"href":"https:\/\/kendoonline.com.br\/index.php\/wp-json\/wp\/v2\/product\/4954","targetHints":{"allow":["GET"]}}],"collection":[{"href":"https:\/\/kendoonline.com.br\/index.php\/wp-json\/wp\/v2\/product"}],"about":[{"href":"https:\/\/kendoonline.com.br\/index.php\/wp-json\/wp\/v2\/types\/product"}],"wp:featuredmedia":[{"embeddable":true,"href":"https:\/\/kendoonline.com.br\/index.php\/wp-json\/wp\/v2\/media\/4957"}],"wp:attachment":[{"href":"https:\/\/kendoonline.com.br\/index.php\/wp-json\/wp\/v2\/media?parent=4954"}],"wp:term":[{"taxonomy":"product_brand","embeddable":true,"href":"https:\/\/kendoonline.com.br\/index.php\/wp-json\/wp\/v2\/product_brand?post=4954"},{"taxonomy":"product_cat","embeddable":true,"href":"https:\/\/kendoonline.com.br\/index.php\/wp-json\/wp\/v2\/product_cat?post=4954"},{"taxonomy":"product_tag","embeddable":true,"href":"https:\/\/kendoonline.com.br\/index.php\/wp-json\/wp\/v2\/product_tag?post=4954"}],"curies":[{"name":"wp","href":"https:\/\/api.w.org\/{rel}","templated":true}]}}