{"id":4940,"date":"2022-02-08T17:52:09","date_gmt":"2022-02-08T20:52:09","guid":{"rendered":"https:\/\/kendoonline.com.br\/index.php\/product\/shinai-suburi-4-tiras-2tsurus-copy\/"},"modified":"2024-10-24T10:40:57","modified_gmt":"2024-10-24T13:40:57","slug":"shinai-suburi-4-tiras-2tsurus-copy","status":"publish","type":"product","link":"https:\/\/kendoonline.com.br\/index.php\/product\/shinai-suburi-4-tiras-2tsurus-copy\/","title":{"rendered":"SHINAI SUBURI 4 tiras"},"content":{"rendered":"","protected":false},"excerpt":{"rendered":"<p>Shinai Suburi indicada para praticantes intermedi\u00e1rios a avan\u00e7ados.<\/p>\n<p>Ideal para pr\u00e1tica de for\u00e7a e resist\u00eancia em casa. Utilizar sob orienta\u00e7\u00e3o do seu instrutor<\/p>\n[elementor-template id=\"11510\"]\n","protected":false},"featured_media":4941,"template":"","meta":[],"product_brand":[],"product_cat":[32,77,33],"product_tag":[],"class_list":{"0":"post-4940","1":"product","2":"type-product","3":"status-publish","4":"has-post-thumbnail","6":"product_cat-armas-de-treino","7":"product_cat-bambu","8":"product_cat-armas-ken","10":"first","11":"instock","12":"shipping-taxable","13":"purchasable","14":"product-type-simple"},"_links":{"self":[{"href":"https:\/\/kendoonline.com.br\/index.php\/wp-json\/wp\/v2\/product\/4940","targetHints":{"allow":["GET"]}}],"collection":[{"href":"https:\/\/kendoonline.com.br\/index.php\/wp-json\/wp\/v2\/product"}],"about":[{"href":"https:\/\/kendoonline.com.br\/index.php\/wp-json\/wp\/v2\/types\/product"}],"wp:featuredmedia":[{"embeddable":true,"href":"https:\/\/kendoonline.com.br\/index.php\/wp-json\/wp\/v2\/media\/4941"}],"wp:attachment":[{"href":"https:\/\/kendoonline.com.br\/index.php\/wp-json\/wp\/v2\/media?parent=4940"}],"wp:term":[{"taxonomy":"product_brand","embeddable":true,"href":"https:\/\/kendoonline.com.br\/index.php\/wp-json\/wp\/v2\/product_brand?post=4940"},{"taxonomy":"product_cat","embeddable":true,"href":"https:\/\/kendoonline.com.br\/index.php\/wp-json\/wp\/v2\/product_cat?post=4940"},{"taxonomy":"product_tag","embeddable":true,"href":"https:\/\/kendoonline.com.br\/index.php\/wp-json\/wp\/v2\/product_tag?post=4940"}],"curies":[{"name":"wp","href":"https:\/\/api.w.org\/{rel}","templated":true}]}}