{"id":4848,"date":"2022-02-07T16:49:01","date_gmt":"2022-02-07T19:49:01","guid":{"rendered":"https:\/\/kendoonline.com.br\/index.php\/product\/shinai-ikun-copy\/"},"modified":"2023-04-04T13:18:53","modified_gmt":"2023-04-04T16:18:53","slug":"shinai-ikun-copy","status":"publish","type":"product","link":"https:\/\/kendoonline.com.br\/index.php\/product\/shinai-ikun-copy\/","title":{"rendered":"SHINAI &#8220;KENSEI&#8221; Marrom defumada"},"content":{"rendered":"","protected":false},"excerpt":{"rendered":"<p>Shinai &#8220;KENSEI&#8221; \u00e9 apelidada de &#8220;BACONZITOS&#8221; pois tem um cheiro de defumado, pelo tratamento que \u00e9 dado ao bambu para aumentar sua resist\u00eancia e que o deixa com cor marrom. \u00c9 considerada uma Shinai mestra pelo peso bem equilibrado.<\/p>\n<p>Acompanha guarda (TSUBA) amarela e borracha fixadora (TSUBA DOME)<\/p>\n<p>Para iniciantes recomendamos consultar seu instrutor para indica\u00e7\u00e3o mais adequada de tamanho.<\/p>\n<h3><strong><span style=\"color: #993300;\">Ponta de Estoque<\/span><\/strong><br \/>\n<span style=\"color: #993300;\"><strong>\u00daltimas Pe\u00e7as<\/strong><\/span><\/h3>\n","protected":false},"featured_media":4852,"template":"","meta":[],"product_brand":[],"product_cat":[77,33],"product_tag":[281,282],"class_list":{"0":"post-4848","1":"product","2":"type-product","3":"status-publish","4":"has-post-thumbnail","6":"product_cat-bambu","7":"product_cat-armas-ken","8":"product_tag-oferta","9":"product_tag-ponta-de-estoque","11":"first","12":"outofstock","13":"sale","14":"shipping-taxable","15":"purchasable","16":"product-type-variable"},"_links":{"self":[{"href":"https:\/\/kendoonline.com.br\/index.php\/wp-json\/wp\/v2\/product\/4848","targetHints":{"allow":["GET"]}}],"collection":[{"href":"https:\/\/kendoonline.com.br\/index.php\/wp-json\/wp\/v2\/product"}],"about":[{"href":"https:\/\/kendoonline.com.br\/index.php\/wp-json\/wp\/v2\/types\/product"}],"wp:featuredmedia":[{"embeddable":true,"href":"https:\/\/kendoonline.com.br\/index.php\/wp-json\/wp\/v2\/media\/4852"}],"wp:attachment":[{"href":"https:\/\/kendoonline.com.br\/index.php\/wp-json\/wp\/v2\/media?parent=4848"}],"wp:term":[{"taxonomy":"product_brand","embeddable":true,"href":"https:\/\/kendoonline.com.br\/index.php\/wp-json\/wp\/v2\/product_brand?post=4848"},{"taxonomy":"product_cat","embeddable":true,"href":"https:\/\/kendoonline.com.br\/index.php\/wp-json\/wp\/v2\/product_cat?post=4848"},{"taxonomy":"product_tag","embeddable":true,"href":"https:\/\/kendoonline.com.br\/index.php\/wp-json\/wp\/v2\/product_tag?post=4848"}],"curies":[{"name":"wp","href":"https:\/\/api.w.org\/{rel}","templated":true}]}}