{"id":4673,"date":"2022-02-06T20:36:55","date_gmt":"2022-02-06T23:36:55","guid":{"rendered":"https:\/\/kendoonline.com.br\/index.php\/product\/bogu-completo-com-do-preto-copy\/"},"modified":"2023-10-17T11:43:56","modified_gmt":"2023-10-17T14:43:56","slug":"assessorios-para-bogu","status":"publish","type":"product","link":"https:\/\/kendoonline.com.br\/index.php\/product\/assessorios-para-bogu\/","title":{"rendered":"Assess\u00f3rios para BOGU"},"content":{"rendered":"","protected":false},"excerpt":{"rendered":"<p>Assess\u00f3rios para utiliza\u00e7\u00e3o de BOGU<\/p>\n","protected":false},"featured_media":4690,"template":"","meta":[],"product_brand":[],"product_cat":[120,121,122,123],"product_tag":[],"class_list":{"0":"post-4673","1":"product","2":"type-product","3":"status-publish","4":"has-post-thumbnail","6":"product_cat-men-bogu","7":"product_cat-kote","8":"product_cat-do","9":"product_cat-tare","11":"first","12":"instock","13":"sold-individually","14":"shipping-taxable","15":"purchasable","16":"product-type-composite"},"_links":{"self":[{"href":"https:\/\/kendoonline.com.br\/index.php\/wp-json\/wp\/v2\/product\/4673","targetHints":{"allow":["GET"]}}],"collection":[{"href":"https:\/\/kendoonline.com.br\/index.php\/wp-json\/wp\/v2\/product"}],"about":[{"href":"https:\/\/kendoonline.com.br\/index.php\/wp-json\/wp\/v2\/types\/product"}],"wp:featuredmedia":[{"embeddable":true,"href":"https:\/\/kendoonline.com.br\/index.php\/wp-json\/wp\/v2\/media\/4690"}],"wp:attachment":[{"href":"https:\/\/kendoonline.com.br\/index.php\/wp-json\/wp\/v2\/media?parent=4673"}],"wp:term":[{"taxonomy":"product_brand","embeddable":true,"href":"https:\/\/kendoonline.com.br\/index.php\/wp-json\/wp\/v2\/product_brand?post=4673"},{"taxonomy":"product_cat","embeddable":true,"href":"https:\/\/kendoonline.com.br\/index.php\/wp-json\/wp\/v2\/product_cat?post=4673"},{"taxonomy":"product_tag","embeddable":true,"href":"https:\/\/kendoonline.com.br\/index.php\/wp-json\/wp\/v2\/product_tag?post=4673"}],"curies":[{"name":"wp","href":"https:\/\/api.w.org\/{rel}","templated":true}]}}