{"id":3262,"date":"2022-01-24T18:57:35","date_gmt":"2022-01-24T21:57:35","guid":{"rendered":"https:\/\/kendoonline.com.br\/?post_type=product&#038;p=3262"},"modified":"2024-01-02T15:58:43","modified_gmt":"2024-01-02T18:58:43","slug":"kote-s-6mm","status":"publish","type":"product","link":"https:\/\/kendoonline.com.br\/index.php\/product\/kote-s-6mm\/","title":{"rendered":"KOTE (S) 6mm"},"content":{"rendered":"","protected":false},"excerpt":{"rendered":"<p>Tamanho Fabricante: Small \/<br \/>\nCostura: 6mm \/<br \/>\nEstado: Novo \/<br \/>\nC\u00f3digos: C\u00f3d.414(fotos), C\u00f3d.415, C\u00f3d.416<\/p>\n[elementor-template id=\"11500\"]\n","protected":false},"featured_media":3263,"template":"","meta":[],"product_brand":[],"product_cat":[121],"product_tag":[241,242],"class_list":{"0":"post-3262","1":"product","2":"type-product","3":"status-publish","4":"has-post-thumbnail","6":"product_cat-kote","7":"product_tag-kote_normalsmall","8":"product_tag-kotesmall","10":"first","11":"instock","12":"sale","13":"sold-individually","14":"shipping-taxable","15":"purchasable","16":"product-type-simple"},"_links":{"self":[{"href":"https:\/\/kendoonline.com.br\/index.php\/wp-json\/wp\/v2\/product\/3262","targetHints":{"allow":["GET"]}}],"collection":[{"href":"https:\/\/kendoonline.com.br\/index.php\/wp-json\/wp\/v2\/product"}],"about":[{"href":"https:\/\/kendoonline.com.br\/index.php\/wp-json\/wp\/v2\/types\/product"}],"wp:featuredmedia":[{"embeddable":true,"href":"https:\/\/kendoonline.com.br\/index.php\/wp-json\/wp\/v2\/media\/3263"}],"wp:attachment":[{"href":"https:\/\/kendoonline.com.br\/index.php\/wp-json\/wp\/v2\/media?parent=3262"}],"wp:term":[{"taxonomy":"product_brand","embeddable":true,"href":"https:\/\/kendoonline.com.br\/index.php\/wp-json\/wp\/v2\/product_brand?post=3262"},{"taxonomy":"product_cat","embeddable":true,"href":"https:\/\/kendoonline.com.br\/index.php\/wp-json\/wp\/v2\/product_cat?post=3262"},{"taxonomy":"product_tag","embeddable":true,"href":"https:\/\/kendoonline.com.br\/index.php\/wp-json\/wp\/v2\/product_tag?post=3262"}],"curies":[{"name":"wp","href":"https:\/\/api.w.org\/{rel}","templated":true}]}}