{"id":2966,"date":"2022-01-24T17:46:15","date_gmt":"2022-01-24T20:46:15","guid":{"rendered":"https:\/\/kendoonline.com.br\/?post_type=product&#038;p=2966"},"modified":"2024-02-16T16:12:32","modified_gmt":"2024-02-16T19:12:32","slug":"kote-naginata-xl-5mm","status":"publish","type":"product","link":"https:\/\/kendoonline.com.br\/index.php\/product\/kote-naginata-xl-5mm\/","title":{"rendered":"KOTE NAGINATA (XL) 5mm"},"content":{"rendered":"","protected":false},"excerpt":{"rendered":"<p>Tamanho Fabricante: X-Large \/<br \/>\nCostura: 5mm \/<br \/>\nEstado: Novo \/<br \/>\nC\u00f3digos:<del> C\u00f3d.215(fotos)<\/del>, C\u00f3d.187, C\u00f3d.184, C\u00f3d.186, C\u00f3d.187, C\u00f3d.179, C\u00f3d.188, C\u00f3d.182, C\u00f3d.180, C\u00f3d.183, C\u00f3d.185<\/p>\n[elementor-template id=\"11500\"]\n","protected":false},"featured_media":2967,"template":"","meta":[],"product_brand":[],"product_cat":[121],"product_tag":[249,247],"class_list":{"0":"post-2966","1":"product","2":"type-product","3":"status-publish","4":"has-post-thumbnail","6":"product_cat-kote","7":"product_tag-kote_nagx-large","8":"product_tag-kotex-large","10":"first","11":"instock","12":"sale","13":"sold-individually","14":"shipping-taxable","15":"purchasable","16":"product-type-simple"},"_links":{"self":[{"href":"https:\/\/kendoonline.com.br\/index.php\/wp-json\/wp\/v2\/product\/2966","targetHints":{"allow":["GET"]}}],"collection":[{"href":"https:\/\/kendoonline.com.br\/index.php\/wp-json\/wp\/v2\/product"}],"about":[{"href":"https:\/\/kendoonline.com.br\/index.php\/wp-json\/wp\/v2\/types\/product"}],"wp:featuredmedia":[{"embeddable":true,"href":"https:\/\/kendoonline.com.br\/index.php\/wp-json\/wp\/v2\/media\/2967"}],"wp:attachment":[{"href":"https:\/\/kendoonline.com.br\/index.php\/wp-json\/wp\/v2\/media?parent=2966"}],"wp:term":[{"taxonomy":"product_brand","embeddable":true,"href":"https:\/\/kendoonline.com.br\/index.php\/wp-json\/wp\/v2\/product_brand?post=2966"},{"taxonomy":"product_cat","embeddable":true,"href":"https:\/\/kendoonline.com.br\/index.php\/wp-json\/wp\/v2\/product_cat?post=2966"},{"taxonomy":"product_tag","embeddable":true,"href":"https:\/\/kendoonline.com.br\/index.php\/wp-json\/wp\/v2\/product_tag?post=2966"}],"curies":[{"name":"wp","href":"https:\/\/api.w.org\/{rel}","templated":true}]}}