{"id":2954,"date":"2022-01-24T17:40:59","date_gmt":"2022-01-24T20:40:59","guid":{"rendered":"https:\/\/kendoonline.com.br\/?post_type=product&#038;p=2954"},"modified":"2026-03-20T12:34:27","modified_gmt":"2026-03-20T15:34:27","slug":"kote-naginata-l-5mm","status":"publish","type":"product","link":"https:\/\/kendoonline.com.br\/index.php\/product\/kote-naginata-l-5mm\/","title":{"rendered":"KOTE NAGINATA (L) 5mm"},"content":{"rendered":"","protected":false},"excerpt":{"rendered":"<p>Tamanho Fabricante: Large \/<br \/>\nCostura: 5mm \/<br \/>\nEstado: Novo \/<br \/>\nC\u00f3digos: C\u00f3d.206(foto), C\u00f3d.165, C\u00f3d.166, C\u00f3d.167, C\u00f3d.176, C\u00f3d.177, C\u00f3d.207, C\u00f3d.208, C\u00f3d.209, C\u00f3d.210, C\u00f3d.211, C\u00f3d.212, C\u00f3d.213, C\u00f3d.214, C\u00f3d.405<\/p>\n[elementor-template id=\"11500\"]\n","protected":false},"featured_media":2955,"template":"","meta":[],"product_brand":[],"product_cat":[121],"product_tag":[238,236],"class_list":{"0":"post-2954","1":"product","2":"type-product","3":"status-publish","4":"has-post-thumbnail","6":"product_cat-kote","7":"product_tag-kote_naglarge","8":"product_tag-kotelarge","10":"first","11":"instock","12":"sale","13":"sold-individually","14":"shipping-taxable","15":"purchasable","16":"product-type-simple"},"_links":{"self":[{"href":"https:\/\/kendoonline.com.br\/index.php\/wp-json\/wp\/v2\/product\/2954","targetHints":{"allow":["GET"]}}],"collection":[{"href":"https:\/\/kendoonline.com.br\/index.php\/wp-json\/wp\/v2\/product"}],"about":[{"href":"https:\/\/kendoonline.com.br\/index.php\/wp-json\/wp\/v2\/types\/product"}],"wp:featuredmedia":[{"embeddable":true,"href":"https:\/\/kendoonline.com.br\/index.php\/wp-json\/wp\/v2\/media\/2955"}],"wp:attachment":[{"href":"https:\/\/kendoonline.com.br\/index.php\/wp-json\/wp\/v2\/media?parent=2954"}],"wp:term":[{"taxonomy":"product_brand","embeddable":true,"href":"https:\/\/kendoonline.com.br\/index.php\/wp-json\/wp\/v2\/product_brand?post=2954"},{"taxonomy":"product_cat","embeddable":true,"href":"https:\/\/kendoonline.com.br\/index.php\/wp-json\/wp\/v2\/product_cat?post=2954"},{"taxonomy":"product_tag","embeddable":true,"href":"https:\/\/kendoonline.com.br\/index.php\/wp-json\/wp\/v2\/product_tag?post=2954"}],"curies":[{"name":"wp","href":"https:\/\/api.w.org\/{rel}","templated":true}]}}