{"id":2892,"date":"2022-01-24T17:29:36","date_gmt":"2022-01-24T20:29:36","guid":{"rendered":"https:\/\/kendoonline.com.br\/?post_type=product&#038;p=2892"},"modified":"2024-01-02T16:02:03","modified_gmt":"2024-01-02T19:02:03","slug":"kote-naginata-l-3mm","status":"publish","type":"product","link":"https:\/\/kendoonline.com.br\/index.php\/product\/kote-naginata-l-3mm\/","title":{"rendered":"KOTE NAGINATA (L) 3mm"},"content":{"rendered":"","protected":false},"excerpt":{"rendered":"<p>Tamanho Fabricante: Large \/<br \/>\nCostura: 3mm \/<br \/>\nEstado: Novo \/<br \/>\nC\u00f3digos: C\u00f3d.172 (foto), C\u00f3d.170<\/p>\n[elementor-template id=\"11500\"]\n","protected":false},"featured_media":2893,"template":"","meta":[],"product_brand":[],"product_cat":[121],"product_tag":[238,236],"class_list":{"0":"post-2892","1":"product","2":"type-product","3":"status-publish","4":"has-post-thumbnail","6":"product_cat-kote","7":"product_tag-kote_naglarge","8":"product_tag-kotelarge","10":"first","11":"instock","12":"sale","13":"sold-individually","14":"shipping-taxable","15":"purchasable","16":"product-type-simple"},"_links":{"self":[{"href":"https:\/\/kendoonline.com.br\/index.php\/wp-json\/wp\/v2\/product\/2892","targetHints":{"allow":["GET"]}}],"collection":[{"href":"https:\/\/kendoonline.com.br\/index.php\/wp-json\/wp\/v2\/product"}],"about":[{"href":"https:\/\/kendoonline.com.br\/index.php\/wp-json\/wp\/v2\/types\/product"}],"wp:featuredmedia":[{"embeddable":true,"href":"https:\/\/kendoonline.com.br\/index.php\/wp-json\/wp\/v2\/media\/2893"}],"wp:attachment":[{"href":"https:\/\/kendoonline.com.br\/index.php\/wp-json\/wp\/v2\/media?parent=2892"}],"wp:term":[{"taxonomy":"product_brand","embeddable":true,"href":"https:\/\/kendoonline.com.br\/index.php\/wp-json\/wp\/v2\/product_brand?post=2892"},{"taxonomy":"product_cat","embeddable":true,"href":"https:\/\/kendoonline.com.br\/index.php\/wp-json\/wp\/v2\/product_cat?post=2892"},{"taxonomy":"product_tag","embeddable":true,"href":"https:\/\/kendoonline.com.br\/index.php\/wp-json\/wp\/v2\/product_tag?post=2892"}],"curies":[{"name":"wp","href":"https:\/\/api.w.org\/{rel}","templated":true}]}}