{"id":1721,"date":"2021-11-15T16:03:11","date_gmt":"2021-11-15T19:03:11","guid":{"rendered":"https:\/\/kendoonline.com.br\/?post_type=product&#038;p=1721"},"modified":"2024-03-03T18:17:07","modified_gmt":"2024-03-03T21:17:07","slug":"kit-iniciante-iaijutsu-basico","status":"publish","type":"product","link":"https:\/\/kendoonline.com.br\/index.php\/product\/kit-iniciante-iaijutsu-basico\/","title":{"rendered":"Kit Iniciante IAIJUTSU B\u00e1sico"},"content":{"rendered":"<p>&nbsp;<\/p>\n<h1>PRIORIDADE DE MATERIAIS PARA A PR\u00c1TICA DE IAIJUTSU<\/h1>\n<p><img fetchpriority=\"high\" decoding=\"async\" class=\"alignnone wp-image-12014 size-full\" src=\"https:\/\/kendoonline.com.br\/wp-content\/uploads\/2024\/03\/Folder2024_tabela_IAI.jpg\" alt=\"\" width=\"1754\" height=\"1832\" srcset=\"https:\/\/kendoonline.com.br\/wp-content\/uploads\/2024\/03\/Folder2024_tabela_IAI.jpg 1754w, https:\/\/kendoonline.com.br\/wp-content\/uploads\/2024\/03\/Folder2024_tabela_IAI-287x300.jpg 287w, https:\/\/kendoonline.com.br\/wp-content\/uploads\/2024\/03\/Folder2024_tabela_IAI-980x1024.jpg 980w, https:\/\/kendoonline.com.br\/wp-content\/uploads\/2024\/03\/Folder2024_tabela_IAI-768x802.jpg 768w, https:\/\/kendoonline.com.br\/wp-content\/uploads\/2024\/03\/Folder2024_tabela_IAI-1471x1536.jpg 1471w, https:\/\/kendoonline.com.br\/wp-content\/uploads\/2024\/03\/Folder2024_tabela_IAI-600x627.jpg 600w\" sizes=\"(max-width: 1754px) 100vw, 1754px\" \/><\/p>\n","protected":false},"excerpt":{"rendered":"<p>Kit para iniciantes no Instituto Niten.<\/p>\n<p>Material m\u00ednimo necess\u00e1rio para iniciar a pr\u00e1tica de IAIJUTSU<\/p>\n<p>O SHINAI BUKURO (porta espadas) pode ser improvisado ou adquirido. Pelo regulamento do Instituto Niten N\u00c3O \u00e9 permitido transportar as espadas \u00e0 vista.<\/p>\n<p>Consulte sempre seu instrutor sobre os tamanhos adequados de espada para sua pr\u00e1tica.<\/p>\n<p>Para a pr\u00e1tica \u00e9 ainda altamente recomendada tamb\u00e9m a joelheira, dispon\u00edvel no KIT Completo. Mas pode-se iniciar sem joelheira ou sem joelheira espec\u00edfica para IAI tamb\u00e9m, n\u00e3o fazendo as sequencias ajoelhadas.<\/p>\n[elementor-template id=\"11510\"]\n","protected":false},"featured_media":5247,"template":"","meta":[],"product_brand":[],"product_cat":[37,95],"product_tag":[],"class_list":{"0":"post-1721","1":"product","2":"type-product","3":"status-publish","4":"has-post-thumbnail","6":"product_cat-kits","7":"product_cat-kits-iai","9":"first","10":"instock","11":"shipping-taxable","12":"purchasable","13":"product-type-composite"},"_links":{"self":[{"href":"https:\/\/kendoonline.com.br\/index.php\/wp-json\/wp\/v2\/product\/1721","targetHints":{"allow":["GET"]}}],"collection":[{"href":"https:\/\/kendoonline.com.br\/index.php\/wp-json\/wp\/v2\/product"}],"about":[{"href":"https:\/\/kendoonline.com.br\/index.php\/wp-json\/wp\/v2\/types\/product"}],"wp:featuredmedia":[{"embeddable":true,"href":"https:\/\/kendoonline.com.br\/index.php\/wp-json\/wp\/v2\/media\/5247"}],"wp:attachment":[{"href":"https:\/\/kendoonline.com.br\/index.php\/wp-json\/wp\/v2\/media?parent=1721"}],"wp:term":[{"taxonomy":"product_brand","embeddable":true,"href":"https:\/\/kendoonline.com.br\/index.php\/wp-json\/wp\/v2\/product_brand?post=1721"},{"taxonomy":"product_cat","embeddable":true,"href":"https:\/\/kendoonline.com.br\/index.php\/wp-json\/wp\/v2\/product_cat?post=1721"},{"taxonomy":"product_tag","embeddable":true,"href":"https:\/\/kendoonline.com.br\/index.php\/wp-json\/wp\/v2\/product_tag?post=1721"}],"curies":[{"name":"wp","href":"https:\/\/api.w.org\/{rel}","templated":true}]}}