{"id":1715,"date":"2021-11-15T15:45:53","date_gmt":"2021-11-15T18:45:53","guid":{"rendered":"https:\/\/kendoonline.com.br\/?post_type=product&#038;p=1715"},"modified":"2024-03-03T18:22:13","modified_gmt":"2024-03-03T21:22:13","slug":"kit-iniciante-kenjutsu-infantil-basico","status":"publish","type":"product","link":"https:\/\/kendoonline.com.br\/index.php\/product\/kit-iniciante-kenjutsu-infantil-basico\/","title":{"rendered":"Kit Iniciante KENJUTSU INFANTIL B\u00e1sico"},"content":{"rendered":"<h1>PRIORIDADE DE MATERIAIS PARA A PR\u00c1TICA DE KENJUTSU<\/h1>\n<p><img fetchpriority=\"high\" decoding=\"async\" class=\"alignnone wp-image-12022 size-full\" src=\"https:\/\/kendoonline.com.br\/wp-content\/uploads\/2024\/03\/Folder2024_tabela_KEN2.jpg\" alt=\"\" width=\"1754\" height=\"2316\" srcset=\"https:\/\/kendoonline.com.br\/wp-content\/uploads\/2024\/03\/Folder2024_tabela_KEN2.jpg 1754w, https:\/\/kendoonline.com.br\/wp-content\/uploads\/2024\/03\/Folder2024_tabela_KEN2-227x300.jpg 227w, https:\/\/kendoonline.com.br\/wp-content\/uploads\/2024\/03\/Folder2024_tabela_KEN2-776x1024.jpg 776w, https:\/\/kendoonline.com.br\/wp-content\/uploads\/2024\/03\/Folder2024_tabela_KEN2-768x1014.jpg 768w, https:\/\/kendoonline.com.br\/wp-content\/uploads\/2024\/03\/Folder2024_tabela_KEN2-1163x1536.jpg 1163w, https:\/\/kendoonline.com.br\/wp-content\/uploads\/2024\/03\/Folder2024_tabela_KEN2-1551x2048.jpg 1551w, https:\/\/kendoonline.com.br\/wp-content\/uploads\/2024\/03\/Folder2024_tabela_KEN2-600x792.jpg 600w\" sizes=\"(max-width: 1754px) 100vw, 1754px\" \/><\/p>\n","protected":false},"excerpt":{"rendered":"<p>Kit para iniciantes no Instituto Niten.<\/p>\n<p>Material b\u00e1sico necess\u00e1rio para iniciar a pr\u00e1tica de KENJUTSU INFANTIL \u00e9 apenas a SHINAI.<\/p>\n<p>O SHINAI BUKURO (porta espadas) pode ser improvisado ou adquirido. Pelo regulamento do Instituto Niten N\u00c3O \u00e9 permitido transportar as espadas \u00e0 vista.<\/p>\n<p>Para posterior utiliza\u00e7\u00e3o de BOGU (armadura para combate) ser\u00e3o necess\u00e1rios tamb\u00e9m TENUGUI e MENTARE.<\/p>\n<p>Consulte sempre seu instrutor sobre os tamanhos adequados de espada para sua pr\u00e1tica.<\/p>\n<p>Veja demais itens para a pr\u00e1tica no KIT COMPLETO.<\/p>\n[elementor-template id=\"11510\"]\n","protected":false},"featured_media":5244,"template":"","meta":[],"product_brand":[],"product_cat":[37,98],"product_tag":[],"class_list":{"0":"post-1715","1":"product","2":"type-product","3":"status-publish","4":"has-post-thumbnail","6":"product_cat-kits","7":"product_cat-kits-infantil","9":"first","10":"instock","11":"shipping-taxable","12":"purchasable","13":"product-type-composite"},"_links":{"self":[{"href":"https:\/\/kendoonline.com.br\/index.php\/wp-json\/wp\/v2\/product\/1715","targetHints":{"allow":["GET"]}}],"collection":[{"href":"https:\/\/kendoonline.com.br\/index.php\/wp-json\/wp\/v2\/product"}],"about":[{"href":"https:\/\/kendoonline.com.br\/index.php\/wp-json\/wp\/v2\/types\/product"}],"wp:featuredmedia":[{"embeddable":true,"href":"https:\/\/kendoonline.com.br\/index.php\/wp-json\/wp\/v2\/media\/5244"}],"wp:attachment":[{"href":"https:\/\/kendoonline.com.br\/index.php\/wp-json\/wp\/v2\/media?parent=1715"}],"wp:term":[{"taxonomy":"product_brand","embeddable":true,"href":"https:\/\/kendoonline.com.br\/index.php\/wp-json\/wp\/v2\/product_brand?post=1715"},{"taxonomy":"product_cat","embeddable":true,"href":"https:\/\/kendoonline.com.br\/index.php\/wp-json\/wp\/v2\/product_cat?post=1715"},{"taxonomy":"product_tag","embeddable":true,"href":"https:\/\/kendoonline.com.br\/index.php\/wp-json\/wp\/v2\/product_tag?post=1715"}],"curies":[{"name":"wp","href":"https:\/\/api.w.org\/{rel}","templated":true}]}}