{"id":14115,"date":"2026-04-14T14:30:57","date_gmt":"2026-04-14T17:30:57","guid":{"rendered":"https:\/\/kendoonline.com.br\/?post_type=product&#038;p=14115"},"modified":"2026-04-14T14:35:07","modified_gmt":"2026-04-14T17:35:07","slug":"tenugui-nacional-nintai","status":"publish","type":"product","link":"https:\/\/kendoonline.com.br\/index.php\/product\/tenugui-nacional-nintai\/","title":{"rendered":"TENUGUI Nacional &#8220;Nintai&#8221;"},"content":{"rendered":"","protected":false},"excerpt":{"rendered":"<p>TENUGUI Nacional estampado \/<br \/>\n90cm x 34cm \/<br \/>\nKanji: \u5fcd\u8010 (Nintai): Perseveran\u00e7a, paci\u00eancia, resili\u00eancia, sentimentos essenciais para todos os praticantes do caminho.<\/p>\n[elementor-template id=\"11516\"]\n","protected":false},"featured_media":14119,"template":"","meta":[],"product_brand":[],"product_cat":[301,44],"product_tag":[284],"class_list":{"0":"post-14115","1":"product","2":"type-product","3":"status-publish","4":"has-post-thumbnail","6":"product_cat-mais-vendido","7":"product_cat-tenugui","8":"product_tag-tenugui","10":"first","11":"instock","12":"shipping-taxable","13":"purchasable","14":"product-type-simple"},"_links":{"self":[{"href":"https:\/\/kendoonline.com.br\/index.php\/wp-json\/wp\/v2\/product\/14115","targetHints":{"allow":["GET"]}}],"collection":[{"href":"https:\/\/kendoonline.com.br\/index.php\/wp-json\/wp\/v2\/product"}],"about":[{"href":"https:\/\/kendoonline.com.br\/index.php\/wp-json\/wp\/v2\/types\/product"}],"wp:featuredmedia":[{"embeddable":true,"href":"https:\/\/kendoonline.com.br\/index.php\/wp-json\/wp\/v2\/media\/14119"}],"wp:attachment":[{"href":"https:\/\/kendoonline.com.br\/index.php\/wp-json\/wp\/v2\/media?parent=14115"}],"wp:term":[{"taxonomy":"product_brand","embeddable":true,"href":"https:\/\/kendoonline.com.br\/index.php\/wp-json\/wp\/v2\/product_brand?post=14115"},{"taxonomy":"product_cat","embeddable":true,"href":"https:\/\/kendoonline.com.br\/index.php\/wp-json\/wp\/v2\/product_cat?post=14115"},{"taxonomy":"product_tag","embeddable":true,"href":"https:\/\/kendoonline.com.br\/index.php\/wp-json\/wp\/v2\/product_tag?post=14115"}],"curies":[{"name":"wp","href":"https:\/\/api.w.org\/{rel}","templated":true}]}}