{"id":13489,"date":"2025-10-17T13:57:58","date_gmt":"2025-10-17T16:57:58","guid":{"rendered":"https:\/\/kendoonline.com.br\/?post_type=product&#038;p=13489"},"modified":"2026-03-22T02:53:44","modified_gmt":"2026-03-22T05:53:44","slug":"chichikawa-trancado","status":"publish","type":"product","link":"https:\/\/kendoonline.com.br\/index.php\/product\/chichikawa-trancado\/","title":{"rendered":"Chichikawa  Tran\u00e7ado"},"content":{"rendered":"","protected":false},"excerpt":{"rendered":"<p>Chichikawa para amarra\u00e7\u00e3o no MEN, de um charme a mais para seu equipamento e seja facilmente reconhecido mesmo de MEN.<\/p>\n<p>Importado.<\/p>\n[elementor-template id=\"11516\"]\n","protected":false},"featured_media":13494,"template":"","meta":[],"product_brand":[],"product_cat":[25,56],"product_tag":[],"class_list":{"0":"post-13489","1":"product","2":"type-product","3":"status-publish","4":"has-post-thumbnail","6":"product_cat-bogu","7":"product_cat-acessorios-bogu","9":"first","10":"instock","11":"shipping-taxable","12":"purchasable","13":"product-type-variable"},"_links":{"self":[{"href":"https:\/\/kendoonline.com.br\/index.php\/wp-json\/wp\/v2\/product\/13489","targetHints":{"allow":["GET"]}}],"collection":[{"href":"https:\/\/kendoonline.com.br\/index.php\/wp-json\/wp\/v2\/product"}],"about":[{"href":"https:\/\/kendoonline.com.br\/index.php\/wp-json\/wp\/v2\/types\/product"}],"wp:featuredmedia":[{"embeddable":true,"href":"https:\/\/kendoonline.com.br\/index.php\/wp-json\/wp\/v2\/media\/13494"}],"wp:attachment":[{"href":"https:\/\/kendoonline.com.br\/index.php\/wp-json\/wp\/v2\/media?parent=13489"}],"wp:term":[{"taxonomy":"product_brand","embeddable":true,"href":"https:\/\/kendoonline.com.br\/index.php\/wp-json\/wp\/v2\/product_brand?post=13489"},{"taxonomy":"product_cat","embeddable":true,"href":"https:\/\/kendoonline.com.br\/index.php\/wp-json\/wp\/v2\/product_cat?post=13489"},{"taxonomy":"product_tag","embeddable":true,"href":"https:\/\/kendoonline.com.br\/index.php\/wp-json\/wp\/v2\/product_tag?post=13489"}],"curies":[{"name":"wp","href":"https:\/\/api.w.org\/{rel}","templated":true}]}}