{"id":13282,"date":"2025-08-25T13:40:59","date_gmt":"2025-08-25T16:40:59","guid":{"rendered":"https:\/\/kendoonline.com.br\/?post_type=product&#038;p=13282"},"modified":"2026-04-04T14:41:30","modified_gmt":"2026-04-04T17:41:30","slug":"jo-importado-buna","status":"publish","type":"product","link":"https:\/\/kendoonline.com.br\/index.php\/product\/jo-importado-buna\/","title":{"rendered":"JO Importado &#8211; Buna Zoku"},"content":{"rendered":"<p>&nbsp;<\/p>\n<p>&nbsp;<\/p>\n","protected":false},"excerpt":{"rendered":"<p>Jo (bast\u00e3o) para pr\u00e1tica de JOJUTSU e JODO, autorizado pelo Sensei Kishikawa para pr\u00e1tica no Instituto Niten.<br \/>\nImportado.<\/p>\n<p>Madeira: Buna Zoku (Faia\/Fagus) &#8211; \u00e9 uma madeira mais leve e menos densa que o shiro kashi (carvalho branco japon\u00eas).<br \/>\nPor este motivo, pode amassar mais que o JO de shiro kashi; entretanto, nos nossos testes n\u00e3o soltou farpa nem quebrou, mesmo estes testes sendo feitos com mais for\u00e7a do que o habitual, utilizada nos treinos.<br \/>\nTorna-se, assim, uma op\u00e7\u00e3o mais econ\u00f4mica em rela\u00e7\u00e3o ao JO de shiro kashi: apesar de n\u00e3o ter a mesma durabilidade, \u00e9 uma boa alternativa para quem est\u00e1 iniciando nos treinos e n\u00e3o pretende investir um valor maior, inicialmente.<br \/>\nTamb\u00e9m \u00e9 indicado para:<br \/>\n&#8211; quem quer treinar kihons todos os dias;<br \/>\n&#8211; aqueles alunos que, por qualquer motivo, precisem de um JO mais leve (por conta de idade, porte f\u00edsico, problemas motores que n\u00e3o permitam o treino com um JO mais pesado, dentre outros).<br \/>\nTem uma grande variedade de tonalidades, veja no mais fotos.<\/p>\n<p>Como toda arma de madeira podem haver varia\u00e7\u00f5es de tonalidade e veios da madeira em rela\u00e7\u00e3o \u00e0 foto, mas isso n\u00e3o altera a qualidade e durabilidade da mesma.<\/p>\n[elementor-template id=\"11510\"]\n","protected":false},"featured_media":13285,"template":"","meta":[],"product_brand":[],"product_cat":[32,78,42],"product_tag":[],"class_list":{"0":"post-13282","1":"product","2":"type-product","3":"status-publish","4":"has-post-thumbnail","6":"product_cat-armas-de-treino","7":"product_cat-madeira","8":"product_cat-armas-jo","10":"first","11":"instock","12":"shipping-taxable","13":"purchasable","14":"product-type-simple"},"_links":{"self":[{"href":"https:\/\/kendoonline.com.br\/index.php\/wp-json\/wp\/v2\/product\/13282","targetHints":{"allow":["GET"]}}],"collection":[{"href":"https:\/\/kendoonline.com.br\/index.php\/wp-json\/wp\/v2\/product"}],"about":[{"href":"https:\/\/kendoonline.com.br\/index.php\/wp-json\/wp\/v2\/types\/product"}],"wp:featuredmedia":[{"embeddable":true,"href":"https:\/\/kendoonline.com.br\/index.php\/wp-json\/wp\/v2\/media\/13285"}],"wp:attachment":[{"href":"https:\/\/kendoonline.com.br\/index.php\/wp-json\/wp\/v2\/media?parent=13282"}],"wp:term":[{"taxonomy":"product_brand","embeddable":true,"href":"https:\/\/kendoonline.com.br\/index.php\/wp-json\/wp\/v2\/product_brand?post=13282"},{"taxonomy":"product_cat","embeddable":true,"href":"https:\/\/kendoonline.com.br\/index.php\/wp-json\/wp\/v2\/product_cat?post=13282"},{"taxonomy":"product_tag","embeddable":true,"href":"https:\/\/kendoonline.com.br\/index.php\/wp-json\/wp\/v2\/product_tag?post=13282"}],"curies":[{"name":"wp","href":"https:\/\/api.w.org\/{rel}","templated":true}]}}