{"id":13188,"date":"2025-07-08T17:39:38","date_gmt":"2025-07-08T20:39:38","guid":{"rendered":"https:\/\/kendoonline.com.br\/?post_type=product&#038;p=13188"},"modified":"2025-07-08T18:01:38","modified_gmt":"2025-07-08T21:01:38","slug":"tsuba-importado-colombia-shinai","status":"publish","type":"product","link":"https:\/\/kendoonline.com.br\/index.php\/product\/tsuba-importado-colombia-shinai\/","title":{"rendered":"TSUBA Importado de Couro p\/ SHINAI"},"content":{"rendered":"","protected":false},"excerpt":{"rendered":"<p>Guarda de Couro para shinai, serve shinais que usem tsuba L ou maior.<\/p>\n<p>N\u00e3o acompanha borracha fixadora (TSUBA DOME).<\/p>\n<p>As shinais vendidas pela Kendoonline j\u00e1 vem com TSUBA de acr\u00edlico incluso, n\u00e3o sendo necess\u00e1rio compr\u00e1-los em separado.<\/p>\n<p>Importado da Col\u00f4mbia, feito \u00e0 m\u00e3o ent\u00e3o pode haver pequenas varia\u00e7\u00f5es no tom da pintura em rela\u00e7\u00e3o \u00e0 foto.<\/p>\n[elementor-template id=\"11516\"]\n","protected":false},"featured_media":13193,"template":"","meta":[],"product_brand":[],"product_cat":[294,32,77,33,51],"product_tag":[],"class_list":{"0":"post-13188","1":"product","2":"type-product","3":"status-publish","4":"has-post-thumbnail","6":"product_cat-presentes","7":"product_cat-armas-de-treino","8":"product_cat-bambu","9":"product_cat-armas-ken","10":"product_cat-acessorios-ken","12":"first","13":"instock","14":"shipping-taxable","15":"purchasable","16":"product-type-variable"},"_links":{"self":[{"href":"https:\/\/kendoonline.com.br\/index.php\/wp-json\/wp\/v2\/product\/13188","targetHints":{"allow":["GET"]}}],"collection":[{"href":"https:\/\/kendoonline.com.br\/index.php\/wp-json\/wp\/v2\/product"}],"about":[{"href":"https:\/\/kendoonline.com.br\/index.php\/wp-json\/wp\/v2\/types\/product"}],"wp:featuredmedia":[{"embeddable":true,"href":"https:\/\/kendoonline.com.br\/index.php\/wp-json\/wp\/v2\/media\/13193"}],"wp:attachment":[{"href":"https:\/\/kendoonline.com.br\/index.php\/wp-json\/wp\/v2\/media?parent=13188"}],"wp:term":[{"taxonomy":"product_brand","embeddable":true,"href":"https:\/\/kendoonline.com.br\/index.php\/wp-json\/wp\/v2\/product_brand?post=13188"},{"taxonomy":"product_cat","embeddable":true,"href":"https:\/\/kendoonline.com.br\/index.php\/wp-json\/wp\/v2\/product_cat?post=13188"},{"taxonomy":"product_tag","embeddable":true,"href":"https:\/\/kendoonline.com.br\/index.php\/wp-json\/wp\/v2\/product_tag?post=13188"}],"curies":[{"name":"wp","href":"https:\/\/api.w.org\/{rel}","templated":true}]}}