{"id":13180,"date":"2025-07-08T17:13:45","date_gmt":"2025-07-08T20:13:45","guid":{"rendered":"https:\/\/kendoonline.com.br\/?post_type=product&#038;p=13180"},"modified":"2025-07-08T17:36:59","modified_gmt":"2025-07-08T20:36:59","slug":"tsuba-importado-bokuto-federacao","status":"publish","type":"product","link":"https:\/\/kendoonline.com.br\/index.php\/product\/tsuba-importado-bokuto-federacao\/","title":{"rendered":"TSUBA Importado de Couro p\/ BOKUTO Federa\u00e7\u00e3o"},"content":{"rendered":"","protected":false},"excerpt":{"rendered":"<p>Guarda de Couro para BOKUTO tipo federa\u00e7\u00e3o e SHOTO.<\/p>\n<p>N\u00e3o acompanha borracha fixadora (TSUBA DOME).<\/p>\n<p>Os bokutos federa\u00e7\u00e3o vendidos pela Kendoonline j\u00e1 vem com TSUBA de acr\u00edlico incluso, n\u00e3o sendo necess\u00e1rio compr\u00e1-los em separado.<\/p>\n<p>Importado da Col\u00f4mbia, feito \u00e0 m\u00e3o ent\u00e3o pode haver pequenas varia\u00e7\u00f5es no tom da pintura em rela\u00e7\u00e3o \u00e0 foto.<\/p>\n[elementor-template id=\"11516\"]\n","protected":false},"featured_media":13184,"template":"","meta":[],"product_brand":[],"product_cat":[32,78,41,42,33,53,51],"product_tag":[],"class_list":{"0":"post-13180","1":"product","2":"type-product","3":"status-publish","4":"has-post-thumbnail","6":"product_cat-armas-de-treino","7":"product_cat-madeira","8":"product_cat-armas-iai","9":"product_cat-armas-jo","10":"product_cat-armas-ken","11":"product_cat-acessorios-iai","12":"product_cat-acessorios-ken","14":"first","15":"instock","16":"shipping-taxable","17":"purchasable","18":"product-type-variable"},"_links":{"self":[{"href":"https:\/\/kendoonline.com.br\/index.php\/wp-json\/wp\/v2\/product\/13180","targetHints":{"allow":["GET"]}}],"collection":[{"href":"https:\/\/kendoonline.com.br\/index.php\/wp-json\/wp\/v2\/product"}],"about":[{"href":"https:\/\/kendoonline.com.br\/index.php\/wp-json\/wp\/v2\/types\/product"}],"wp:featuredmedia":[{"embeddable":true,"href":"https:\/\/kendoonline.com.br\/index.php\/wp-json\/wp\/v2\/media\/13184"}],"wp:attachment":[{"href":"https:\/\/kendoonline.com.br\/index.php\/wp-json\/wp\/v2\/media?parent=13180"}],"wp:term":[{"taxonomy":"product_brand","embeddable":true,"href":"https:\/\/kendoonline.com.br\/index.php\/wp-json\/wp\/v2\/product_brand?post=13180"},{"taxonomy":"product_cat","embeddable":true,"href":"https:\/\/kendoonline.com.br\/index.php\/wp-json\/wp\/v2\/product_cat?post=13180"},{"taxonomy":"product_tag","embeddable":true,"href":"https:\/\/kendoonline.com.br\/index.php\/wp-json\/wp\/v2\/product_tag?post=13180"}],"curies":[{"name":"wp","href":"https:\/\/api.w.org\/{rel}","templated":true}]}}