{"id":13170,"date":"2025-06-30T14:56:30","date_gmt":"2025-06-30T17:56:30","guid":{"rendered":"https:\/\/kendoonline.com.br\/?post_type=product&#038;p=13170"},"modified":"2026-02-12T20:50:36","modified_gmt":"2026-02-12T23:50:36","slug":"jo-importado","status":"publish","type":"product","link":"https:\/\/kendoonline.com.br\/index.php\/product\/jo-importado\/","title":{"rendered":"JO Importado &#8211; Shiro keburasho"},"content":{"rendered":"<p>&nbsp;<\/p>\n<p>&nbsp;<\/p>\n","protected":false},"excerpt":{"rendered":"<p>Jo (bast\u00e3o) para pr\u00e1tica de JOJUTSU e JODO, autorizado pelo Sensei Kishikawa para pr\u00e1tica no Instituto Niten.<br \/>\nImportado.<\/p>\n<p>Madeira: Shiro keburasho, \u00e9 uma madeira bem densa, mais pesado que shiro kashi (carvalho branco japon\u00eas) e com isso amassa bem menos, madeira mais novas e sem a tradi\u00e7\u00e3o do kashi mas quem tudo para ser a melhor alternativa \u00e0 escassez do carvalho branco japon\u00eas.<\/p>\n<p>Como toda arma de madeira podem haver varia\u00e7\u00f5es de tonalidade e veios da madeira em rela\u00e7\u00e3o \u00e0 foto, mas isso n\u00e3o altera a qualidade e durabilidade da mesma.<\/p>\n[elementor-template id=\"11510\"]\n","protected":false},"featured_media":13220,"template":"","meta":[],"product_brand":[],"product_cat":[32,78,42],"product_tag":[],"class_list":{"0":"post-13170","1":"product","2":"type-product","3":"status-publish","4":"has-post-thumbnail","6":"product_cat-armas-de-treino","7":"product_cat-madeira","8":"product_cat-armas-jo","10":"first","11":"instock","12":"shipping-taxable","13":"purchasable","14":"product-type-simple"},"_links":{"self":[{"href":"https:\/\/kendoonline.com.br\/index.php\/wp-json\/wp\/v2\/product\/13170","targetHints":{"allow":["GET"]}}],"collection":[{"href":"https:\/\/kendoonline.com.br\/index.php\/wp-json\/wp\/v2\/product"}],"about":[{"href":"https:\/\/kendoonline.com.br\/index.php\/wp-json\/wp\/v2\/types\/product"}],"wp:featuredmedia":[{"embeddable":true,"href":"https:\/\/kendoonline.com.br\/index.php\/wp-json\/wp\/v2\/media\/13220"}],"wp:attachment":[{"href":"https:\/\/kendoonline.com.br\/index.php\/wp-json\/wp\/v2\/media?parent=13170"}],"wp:term":[{"taxonomy":"product_brand","embeddable":true,"href":"https:\/\/kendoonline.com.br\/index.php\/wp-json\/wp\/v2\/product_brand?post=13170"},{"taxonomy":"product_cat","embeddable":true,"href":"https:\/\/kendoonline.com.br\/index.php\/wp-json\/wp\/v2\/product_cat?post=13170"},{"taxonomy":"product_tag","embeddable":true,"href":"https:\/\/kendoonline.com.br\/index.php\/wp-json\/wp\/v2\/product_tag?post=13170"}],"curies":[{"name":"wp","href":"https:\/\/api.w.org\/{rel}","templated":true}]}}