{"id":12501,"date":"2024-08-05T19:15:37","date_gmt":"2024-08-05T22:15:37","guid":{"rendered":"https:\/\/kendoonline.com.br\/index.php\/product\/shinai-mushin-neumann-copy\/"},"modified":"2024-08-05T20:08:09","modified_gmt":"2024-08-05T23:08:09","slug":"shinai-mushin-xy","status":"publish","type":"product","link":"https:\/\/kendoonline.com.br\/index.php\/product\/shinai-mushin-xy\/","title":{"rendered":"SHINAI &#8220;MUSHIN&#8221; \u7121\u5fc3  37 &#8211; PONTA DE ESTOQUE &#8211; RIO DE JANEIRO (wrj) (Luiz Guilherme)"},"content":{"rendered":"","protected":false},"excerpt":{"rendered":"<div class=\"elementor-element elementor-element-5c63ba60 elementor-widget elementor-widget-woocommerce-product-short-description\" data-id=\"5c63ba60\" data-element_type=\"widget\" data-widget_type=\"woocommerce-product-short-description.default\">\n<div class=\"elementor-widget-container\">\n<div class=\"woocommerce-product-details__short-description\">\n<h3>SHINAI SOMENTE PARA RETIRADA PESSOALMENTE NO CLUBE MONTE SINAI &#8211; TIJUCA &#8211; RJ<\/h3>\n<p>&nbsp;<\/p>\n<p>SHINAI \u201cMUSHIN\u201d \u00e9 o modelo b\u00e1sico de SHINAI. Dispon\u00edvel na maior gama de tamanhos.<\/p>\n<p>Acompanha guarda (TSUBA) amarela e borracha fixadora (TSUBA DOME)<\/p>\n<p>Para iniciantes recomendamos consultar seu instrutor para indica\u00e7\u00e3o mais adequada de tamanho.<\/p>\n[elementor-template id=\"11510\"]\n<\/div>\n<\/div>\n<\/div>\n","protected":false},"featured_media":4899,"template":"","meta":[],"product_brand":[],"product_cat":[301,32,77,33],"product_tag":[],"class_list":{"0":"post-12501","1":"product","2":"type-product","3":"status-publish","4":"has-post-thumbnail","6":"product_cat-mais-vendido","7":"product_cat-armas-de-treino","8":"product_cat-bambu","9":"product_cat-armas-ken","11":"first","12":"instock","13":"sale","14":"virtual","15":"purchasable","16":"product-type-simple"},"_links":{"self":[{"href":"https:\/\/kendoonline.com.br\/index.php\/wp-json\/wp\/v2\/product\/12501","targetHints":{"allow":["GET"]}}],"collection":[{"href":"https:\/\/kendoonline.com.br\/index.php\/wp-json\/wp\/v2\/product"}],"about":[{"href":"https:\/\/kendoonline.com.br\/index.php\/wp-json\/wp\/v2\/types\/product"}],"wp:featuredmedia":[{"embeddable":true,"href":"https:\/\/kendoonline.com.br\/index.php\/wp-json\/wp\/v2\/media\/4899"}],"wp:attachment":[{"href":"https:\/\/kendoonline.com.br\/index.php\/wp-json\/wp\/v2\/media?parent=12501"}],"wp:term":[{"taxonomy":"product_brand","embeddable":true,"href":"https:\/\/kendoonline.com.br\/index.php\/wp-json\/wp\/v2\/product_brand?post=12501"},{"taxonomy":"product_cat","embeddable":true,"href":"https:\/\/kendoonline.com.br\/index.php\/wp-json\/wp\/v2\/product_cat?post=12501"},{"taxonomy":"product_tag","embeddable":true,"href":"https:\/\/kendoonline.com.br\/index.php\/wp-json\/wp\/v2\/product_tag?post=12501"}],"curies":[{"name":"wp","href":"https:\/\/api.w.org\/{rel}","templated":true}]}}