{"id":1230,"date":"2021-11-10T18:54:36","date_gmt":"2021-11-10T21:54:36","guid":{"rendered":"https:\/\/kendoonline.com.br\/?post_type=product&#038;p=1230"},"modified":"2023-12-25T15:58:51","modified_gmt":"2023-12-25T18:58:51","slug":"zekken-kimono","status":"publish","type":"product","link":"https:\/\/kendoonline.com.br\/index.php\/product\/zekken-kimono\/","title":{"rendered":"ZEKKEN KIMONO"},"content":{"rendered":"","protected":false},"excerpt":{"rendered":"<p>Bordado sobre tecido BRIM para KIMONO.<\/p>\n<p>O pr\u00f3prio praticante deve costurar com ou sem velcro em seu Kimono. Consulte seu instrutor para indica\u00e7\u00e3o precisa de posicionamento .<\/p>\n<p>A produ\u00e7\u00e3o do Zekken depende de fornecimento pelo comprador da ARTE em imagem jpg. Exceto para os alunos do Instituto Niten.<\/p>\n[elementor-template id=\"11510\"]\n<p>&nbsp;<\/p>\n","protected":false},"featured_media":1667,"template":"","meta":[],"product_brand":[],"product_cat":[73,53],"product_tag":[],"class_list":{"0":"post-1230","1":"product","2":"type-product","3":"status-publish","4":"has-post-thumbnail","6":"product_cat-zekken-acessorios","7":"product_cat-acessorios-iai","9":"first","10":"instock","11":"shipping-taxable","12":"purchasable","13":"product-type-variable"},"_links":{"self":[{"href":"https:\/\/kendoonline.com.br\/index.php\/wp-json\/wp\/v2\/product\/1230","targetHints":{"allow":["GET"]}}],"collection":[{"href":"https:\/\/kendoonline.com.br\/index.php\/wp-json\/wp\/v2\/product"}],"about":[{"href":"https:\/\/kendoonline.com.br\/index.php\/wp-json\/wp\/v2\/types\/product"}],"wp:featuredmedia":[{"embeddable":true,"href":"https:\/\/kendoonline.com.br\/index.php\/wp-json\/wp\/v2\/media\/1667"}],"wp:attachment":[{"href":"https:\/\/kendoonline.com.br\/index.php\/wp-json\/wp\/v2\/media?parent=1230"}],"wp:term":[{"taxonomy":"product_brand","embeddable":true,"href":"https:\/\/kendoonline.com.br\/index.php\/wp-json\/wp\/v2\/product_brand?post=1230"},{"taxonomy":"product_cat","embeddable":true,"href":"https:\/\/kendoonline.com.br\/index.php\/wp-json\/wp\/v2\/product_cat?post=1230"},{"taxonomy":"product_tag","embeddable":true,"href":"https:\/\/kendoonline.com.br\/index.php\/wp-json\/wp\/v2\/product_tag?post=1230"}],"curies":[{"name":"wp","href":"https:\/\/api.w.org\/{rel}","templated":true}]}}