{"id":1155,"date":"2021-11-08T20:52:14","date_gmt":"2021-11-08T23:52:14","guid":{"rendered":"https:\/\/kendoonline.com.br\/?post_type=product&#038;p=1155"},"modified":"2024-01-02T16:10:48","modified_gmt":"2024-01-02T19:10:48","slug":"kote-naginata-novo-sob-encomenda","status":"publish","type":"product","link":"https:\/\/kendoonline.com.br\/index.php\/product\/kote-naginata-novo-sob-encomenda\/","title":{"rendered":"KOTE NAGINATA Novo sob encomenda"},"content":{"rendered":"","protected":false},"excerpt":{"rendered":"<p>Kote com dedos para pr\u00e1tica com Naginata.<br \/>\nTamb\u00e9m pode ser usado para maior sensibilidade no manejo de Shinais.<br \/>\nIndicado para praticantes com algum tempo de pr\u00e1tica j\u00e1, com mais dom\u00ednio de defesa, pois oferece uma prote\u00e7\u00e3o menos forte aos dedos individuais da m\u00e3o.<\/p>\n[elementor-template id=\"4781\"]\n<p><span style=\"color: #000000;\">[elementor-template id=\"11500\"]<\/span><span style=\"color: #339966;\"><strong><br \/>\n<\/strong><\/span><\/p>\n","protected":false},"featured_media":4495,"template":"","meta":[],"product_brand":[],"product_cat":[121],"product_tag":[265,243,238,264,266,249,269,270,244,236,240,242,247],"class_list":{"0":"post-1155","1":"product","2":"type-product","3":"status-publish","4":"has-post-thumbnail","6":"product_cat-kote","7":"product_tag-kote_nagex-large","8":"product_tag-kote_naglarge-large","9":"product_tag-kote_naglarge","10":"product_tag-kote_nagmedium","11":"product_tag-kote_nagsmall","12":"product_tag-kote_nagx-large","13":"product_tag-koteex-large","14":"product_tag-koteinfantil","15":"product_tag-kotelarge-large","16":"product_tag-kotelarge","17":"product_tag-kotemedium","18":"product_tag-kotesmall","19":"product_tag-kotex-large","21":"first","22":"onbackorder","23":"sold-individually","24":"shipping-taxable","25":"purchasable","26":"product-type-variable"},"_links":{"self":[{"href":"https:\/\/kendoonline.com.br\/index.php\/wp-json\/wp\/v2\/product\/1155","targetHints":{"allow":["GET"]}}],"collection":[{"href":"https:\/\/kendoonline.com.br\/index.php\/wp-json\/wp\/v2\/product"}],"about":[{"href":"https:\/\/kendoonline.com.br\/index.php\/wp-json\/wp\/v2\/types\/product"}],"wp:featuredmedia":[{"embeddable":true,"href":"https:\/\/kendoonline.com.br\/index.php\/wp-json\/wp\/v2\/media\/4495"}],"wp:attachment":[{"href":"https:\/\/kendoonline.com.br\/index.php\/wp-json\/wp\/v2\/media?parent=1155"}],"wp:term":[{"taxonomy":"product_brand","embeddable":true,"href":"https:\/\/kendoonline.com.br\/index.php\/wp-json\/wp\/v2\/product_brand?post=1155"},{"taxonomy":"product_cat","embeddable":true,"href":"https:\/\/kendoonline.com.br\/index.php\/wp-json\/wp\/v2\/product_cat?post=1155"},{"taxonomy":"product_tag","embeddable":true,"href":"https:\/\/kendoonline.com.br\/index.php\/wp-json\/wp\/v2\/product_tag?post=1155"}],"curies":[{"name":"wp","href":"https:\/\/api.w.org\/{rel}","templated":true}]}}