{"id":10851,"date":"2021-09-20T10:51:57","date_gmt":"2021-09-20T13:51:57","guid":{"rendered":"https:\/\/kendoonline.com.br\/index.php\/product\/shinhagakure-3aed-vol-2-copy\/"},"modified":"2023-08-22T11:01:41","modified_gmt":"2023-08-22T14:01:41","slug":"contos_de_alem_dos_olhos","status":"publish","type":"product","link":"https:\/\/kendoonline.com.br\/index.php\/product\/contos_de_alem_dos_olhos\/","title":{"rendered":"Contos de Al\u00e9m dos Olhos &#8211; Magnus T. Kishikawa"},"content":{"rendered":"<p>Quem s\u00e3o estes estranhos her\u00f3is de Al\u00e9m dos Olhos? Quem \u00e9 A Princesa? O que significa a jornada de Rhisf, o carrasco? Onde est\u00e1 a Justi\u00e7a no conto de Percifal? Afinal, o que \u00e9 a Justi\u00e7a? A busca pelo verdadeiro Eu, a gan\u00e2ncia, o sofrimento que se transforma em rancor, \u00f3dio e frieza, a constante discuss\u00e3o do que \u00e9 a verdadeira Justi\u00e7a e o que \u00e9 ser justo s\u00e3o apenas alguns dos sentimentos e temas semeados neste livro, que o far\u00e1 mergulhar em um universo cheio de magia e enigmas, e que no final \u00e9 apenas o que reside em n\u00f3s. Espero que Al\u00e9m dos Olhos lhe traga grandes surpresas e reflex\u00f5es, e mais ainda um universo a ser explorado e admirado. Tenha uma \u00f3tima leitura! Sobre o autor: Magnus T. Kishikawa \u00e9 um jovem escritor de dezesseis anos no in\u00edcio de sua carreira, e este \u00e9 seu primeiro livro. Como o livro surgiu, ele n\u00e3o sabe dizer, mas ao que tudo indica, surgiu de um trabalho escolar em grupo que fez com treze anos, de uma li\u00e7\u00e3o atrasada do ensino m\u00e9dio e um resfriado.<\/p>\n<p>1\u00aa Edi\u00e7\u00e3o, \u00a92021<br \/>\nAutor: Magnus T. Kishikawa<br \/>\nEditora: Kendoonline Livros<br \/>\nIdioma: Portugu\u00eas<br \/>\nISBN 978-6588677018<br \/>\nFormato: Brochura<br \/>\n16 x 22 x 4 cm<br \/>\n196 p\u00e1ginas<br \/>\ncom imagens preto e branco<\/p>\n","protected":false},"excerpt":{"rendered":"<p>Livro \u201cContos de Al\u00e9m dos Olhos\u201d escrito por Magnus T. Kishikawa.<\/p>\n<p>1\u00aa Edi\u00e7\u00e3o, <strong>Volume 2<\/strong> \u00a92021<br \/>\nEditora Kendoonline Livros<br \/>\nPortugu\u00eas<\/p>\n","protected":false},"featured_media":10854,"template":"","meta":[],"product_brand":[],"product_cat":[55],"product_tag":[],"class_list":{"0":"post-10851","1":"product","2":"type-product","3":"status-publish","4":"has-post-thumbnail","6":"product_cat-livros","8":"first","9":"instock","10":"shipping-taxable","11":"purchasable","12":"product-type-simple"},"_links":{"self":[{"href":"https:\/\/kendoonline.com.br\/index.php\/wp-json\/wp\/v2\/product\/10851","targetHints":{"allow":["GET"]}}],"collection":[{"href":"https:\/\/kendoonline.com.br\/index.php\/wp-json\/wp\/v2\/product"}],"about":[{"href":"https:\/\/kendoonline.com.br\/index.php\/wp-json\/wp\/v2\/types\/product"}],"wp:featuredmedia":[{"embeddable":true,"href":"https:\/\/kendoonline.com.br\/index.php\/wp-json\/wp\/v2\/media\/10854"}],"wp:attachment":[{"href":"https:\/\/kendoonline.com.br\/index.php\/wp-json\/wp\/v2\/media?parent=10851"}],"wp:term":[{"taxonomy":"product_brand","embeddable":true,"href":"https:\/\/kendoonline.com.br\/index.php\/wp-json\/wp\/v2\/product_brand?post=10851"},{"taxonomy":"product_cat","embeddable":true,"href":"https:\/\/kendoonline.com.br\/index.php\/wp-json\/wp\/v2\/product_cat?post=10851"},{"taxonomy":"product_tag","embeddable":true,"href":"https:\/\/kendoonline.com.br\/index.php\/wp-json\/wp\/v2\/product_tag?post=10851"}],"curies":[{"name":"wp","href":"https:\/\/api.w.org\/{rel}","templated":true}]}}